{"id":46,"date":"2022-05-06T13:11:20","date_gmt":"2022-05-06T13:11:20","guid":{"rendered":"https:\/\/18.194.89.36\/?page_id=46"},"modified":"2025-03-16T23:42:38","modified_gmt":"2025-03-16T23:42:38","slug":"social-selling-training","status":"publish","type":"page","link":"https:\/\/www.deepbluegrowth.com\/de\/social-selling-training\/","title":{"rendered":"Social Selling Training"},"content":{"rendered":"<div data-elementor-type=\"wp-page\" data-elementor-id=\"46\" class=\"elementor elementor-46\" data-elementor-post-type=\"page\">\n\t\t\t\t<div class=\"elementor-element elementor-element-8110ae2 e-flex e-con-boxed e-con e-parent\" data-id=\"8110ae2\" data-element_type=\"container\" data-e-type=\"container\" data-settings=\"{&quot;background_background&quot;:&quot;classic&quot;}\">\n\t\t\t\t\t<div class=\"e-con-inner\">\n\t\t<div class=\"elementor-element elementor-element-578b33d e-con-full e-flex e-con e-child\" data-id=\"578b33d\" data-element_type=\"container\" data-e-type=\"container\">\n\t\t\t\t<div class=\"elementor-element elementor-element-efdde47 elementor-widget elementor-widget-heading\" data-id=\"efdde47\" data-element_type=\"widget\" data-e-type=\"widget\" data-widget_type=\"heading.default\">\n\t\t\t\t\t<h2 class=\"elementor-heading-title elementor-size-default\">SOCIAL  SELLING<br><span style=\"color: #53FF8D\">TRAINING<\/span><\/h2>\t\t\t\t<\/div>\n\t\t\t\t<div class=\"elementor-element elementor-element-8da6bc1 elementor-widget elementor-widget-text-editor\" data-id=\"8da6bc1\" data-element_type=\"widget\" data-e-type=\"widget\" data-widget_type=\"text-editor.default\">\n\t\t\t\t\t\t\t\t\t<p>Erziele 2x mehr Leads und Opportunities durch den Einsatz von Best-Practice-Strategien im Bereich Social Selling. Wir schulen deine Vertriebsteams und statten sie mit der \u201esecret sauce\u201c f\u00fcr LinkedIn aus. Das Trainingsprogramm besteht aus f\u00fcnf Modulen mit Theorie, Beispielen und Coaching, die auf die Bed\u00fcrfnisse deiner Teams zugeschnitten werden k\u00f6nnen.<\/p>\t\t\t\t\t\t\t\t<\/div>\n\t\t\t\t<div class=\"elementor-element elementor-element-0ccc45d elementor-mobile-align-justify elementor-tablet-align-left elementor-widget elementor-widget-button\" data-id=\"0ccc45d\" data-element_type=\"widget\" data-e-type=\"widget\" data-widget_type=\"button.default\">\n\t\t\t\t\t\t\t\t\t\t<a class=\"elementor-button elementor-button-link elementor-size-sm\" href=\"https:\/\/www.deepbluegrowth.com\/de\/contact\/\">\n\t\t\t\t\t\t<span class=\"elementor-button-content-wrapper\">\n\t\t\t\t\t\t\t\t\t<span class=\"elementor-button-text\">SCHULUNGSANGEBOT ANFORDERN<\/span>\n\t\t\t\t\t<\/span>\n\t\t\t\t\t<\/a>\n\t\t\t\t\t\t\t\t<\/div>\n\t\t\t\t<\/div>\n\t\t<div class=\"elementor-element elementor-element-1d0b583 e-con-full e-flex e-con e-child\" data-id=\"1d0b583\" data-element_type=\"container\" data-e-type=\"container\">\n\t\t\t\t<div class=\"elementor-element elementor-element-d932339 elementor-widget elementor-widget-spacer\" data-id=\"d932339\" data-element_type=\"widget\" data-e-type=\"widget\" data-widget_type=\"spacer.default\">\n\t\t\t\t\t\t\t<div class=\"elementor-spacer\">\n\t\t\t<div class=\"elementor-spacer-inner\"><\/div>\n\t\t<\/div>\n\t\t\t\t\t\t<\/div>\n\t\t\t\t<\/div>\n\t\t\t\t\t<\/div>\n\t\t\t\t<\/div>\n\t\t<div class=\"elementor-element elementor-element-c7a56b7 e-flex e-con-boxed e-con e-parent\" data-id=\"c7a56b7\" data-element_type=\"container\" data-e-type=\"container\" data-settings=\"{&quot;background_background&quot;:&quot;classic&quot;}\">\n\t\t\t\t\t<div class=\"e-con-inner\">\n\t\t<div class=\"elementor-element elementor-element-f86fad3 e-con-full e-flex e-con e-child\" data-id=\"f86fad3\" data-element_type=\"container\" data-e-type=\"container\">\n\t\t\t\t<div class=\"elementor-element elementor-element-92ad0db elementor-widget elementor-widget-heading\" data-id=\"92ad0db\" data-element_type=\"widget\" data-e-type=\"widget\" data-widget_type=\"heading.default\">\n\t\t\t\t\t<h2 class=\"elementor-heading-title elementor-size-default\">1.<\/h2>\t\t\t\t<\/div>\n\t\t\t\t<div class=\"elementor-element elementor-element-ff1147d elementor-widget elementor-widget-text-editor\" data-id=\"ff1147d\" data-element_type=\"widget\" data-e-type=\"widget\" data-widget_type=\"text-editor.default\">\n\t\t\t\t\t\t\t\t\t<div class=\"et_pb_column et_pb_column_1_5 et_pb_column_2  et_pb_css_mix_blend_mode_passthrough\"><div class=\"et_pb_module et_pb_blurb et_pb_blurb_0 et_pb_text_align_left et_pb_blurb_position_left et_pb_bg_layout_light et_had_animation\"><div class=\"et_pb_blurb_content\"><div class=\"et_pb_blurb_container\"><div class=\"et_pb_blurb_description\"><p>Entwirf zweckdienliche Social-Selling-Strategien<\/p><\/div><\/div><\/div><\/div><\/div>\t\t\t\t\t\t\t\t<\/div>\n\t\t\t\t<\/div>\n\t\t<div class=\"elementor-element elementor-element-443a181 e-con-full e-flex e-con e-child\" data-id=\"443a181\" data-element_type=\"container\" data-e-type=\"container\">\n\t\t\t\t<div class=\"elementor-element elementor-element-ee770ec elementor-widget elementor-widget-heading\" data-id=\"ee770ec\" data-element_type=\"widget\" data-e-type=\"widget\" data-widget_type=\"heading.default\">\n\t\t\t\t\t<h2 class=\"elementor-heading-title elementor-size-default\">2.<\/h2>\t\t\t\t<\/div>\n\t\t\t\t<div class=\"elementor-element elementor-element-af56cb1 elementor-widget elementor-widget-text-editor\" data-id=\"af56cb1\" data-element_type=\"widget\" data-e-type=\"widget\" data-widget_type=\"text-editor.default\">\n\t\t\t\t\t\t\t\t\t<div class=\"et_pb_column et_pb_column_1_5 et_pb_column_2 et_pb_css_mix_blend_mode_passthrough\"><div class=\"et_pb_module et_pb_blurb et_pb_blurb_0 et_pb_text_align_left et_pb_blurb_position_left et_pb_bg_layout_light et_had_animation\"><div class=\"et_pb_blurb_content\"><div class=\"et_pb_blurb_container\"><div class=\"et_pb_blurb_description\"><p>Erfahre, wie du den LinkedIn-Algorithmus hacken kannst<\/p><\/div><\/div><\/div><\/div><\/div>\t\t\t\t\t\t\t\t<\/div>\n\t\t\t\t<\/div>\n\t\t<div class=\"elementor-element elementor-element-3311a7f e-con-full e-flex e-con e-child\" data-id=\"3311a7f\" data-element_type=\"container\" data-e-type=\"container\">\n\t\t\t\t<div class=\"elementor-element elementor-element-2bb029e elementor-widget elementor-widget-heading\" data-id=\"2bb029e\" data-element_type=\"widget\" data-e-type=\"widget\" data-widget_type=\"heading.default\">\n\t\t\t\t\t<h2 class=\"elementor-heading-title elementor-size-default\">3.<\/h2>\t\t\t\t<\/div>\n\t\t\t\t<div class=\"elementor-element elementor-element-6773d69 elementor-widget elementor-widget-text-editor\" data-id=\"6773d69\" data-element_type=\"widget\" data-e-type=\"widget\" data-widget_type=\"text-editor.default\">\n\t\t\t\t\t\t\t\t\t<div class=\"et_pb_column et_pb_column_1_5 et_pb_column_2 et_pb_css_mix_blend_mode_passthrough\"><div class=\"et_pb_module et_pb_blurb et_pb_blurb_0 et_pb_text_align_left et_pb_blurb_position_left et_pb_bg_layout_light et_had_animation\"><div class=\"et_pb_blurb_content\"><div class=\"et_pb_blurb_container\"><div class=\"et_pb_blurb_description\"><p>Kunden finden &amp; ihre Bed\u00fcrfnisse verstehen<\/p><\/div><\/div><\/div><\/div><\/div>\t\t\t\t\t\t\t\t<\/div>\n\t\t\t\t<\/div>\n\t\t<div class=\"elementor-element elementor-element-868ddae e-con-full e-flex e-con e-child\" data-id=\"868ddae\" data-element_type=\"container\" data-e-type=\"container\">\n\t\t\t\t<div class=\"elementor-element elementor-element-1409410 elementor-widget elementor-widget-heading\" data-id=\"1409410\" data-element_type=\"widget\" data-e-type=\"widget\" data-widget_type=\"heading.default\">\n\t\t\t\t\t<h2 class=\"elementor-heading-title elementor-size-default\">4.<\/h2>\t\t\t\t<\/div>\n\t\t\t\t<div class=\"elementor-element elementor-element-43ef5b9 elementor-widget elementor-widget-text-editor\" data-id=\"43ef5b9\" data-element_type=\"widget\" data-e-type=\"widget\" data-widget_type=\"text-editor.default\">\n\t\t\t\t\t\t\t\t\t<div class=\"et_pb_column et_pb_column_1_5 et_pb_column_2 et_pb_css_mix_blend_mode_passthrough\"><div class=\"et_pb_module et_pb_blurb et_pb_blurb_0 et_pb_text_align_left et_pb_blurb_position_left et_pb_bg_layout_light et_had_animation\"><div class=\"et_pb_blurb_content\"><div class=\"et_pb_blurb_container\"><div class=\"et_pb_blurb_description\"><div class=\"et_pb_column et_pb_column_1_5 et_pb_column_5  et_pb_css_mix_blend_mode_passthrough\"><div class=\"et_pb_module et_pb_blurb et_pb_blurb_3 et_pb_text_align_left et_pb_blurb_position_left et_pb_bg_layout_light et_had_animation\"><div class=\"et_pb_blurb_content\"><div class=\"et_pb_blurb_container\"><div class=\"et_pb_blurb_description\"><p>Definiere das Content Game &amp; lerne das Posten<\/p><\/div><\/div><\/div><\/div><\/div><\/div><\/div><\/div><\/div><\/div>\t\t\t\t\t\t\t\t<\/div>\n\t\t\t\t<\/div>\n\t\t<div class=\"elementor-element elementor-element-4fef1e2 e-con-full e-flex e-con e-child\" data-id=\"4fef1e2\" data-element_type=\"container\" data-e-type=\"container\">\n\t\t\t\t<div class=\"elementor-element elementor-element-30b0722 elementor-widget elementor-widget-heading\" data-id=\"30b0722\" data-element_type=\"widget\" data-e-type=\"widget\" data-widget_type=\"heading.default\">\n\t\t\t\t\t<h2 class=\"elementor-heading-title elementor-size-default\">5.<\/h2>\t\t\t\t<\/div>\n\t\t\t\t<div class=\"elementor-element elementor-element-561aabf elementor-widget elementor-widget-text-editor\" data-id=\"561aabf\" data-element_type=\"widget\" data-e-type=\"widget\" data-widget_type=\"text-editor.default\">\n\t\t\t\t\t\t\t\t\t<div class=\"et_pb_column et_pb_column_1_5 et_pb_column_2 et_pb_css_mix_blend_mode_passthrough\"><div class=\"et_pb_module et_pb_blurb et_pb_blurb_0 et_pb_text_align_left et_pb_blurb_position_left et_pb_bg_layout_light et_had_animation\"><div class=\"et_pb_blurb_content\"><div class=\"et_pb_blurb_container\"><div class=\"et_pb_blurb_description\"><div class=\"et_pb_row et_pb_row_2 et_pb_gutters1 et_pb_row_5col et_had_animation\"><div class=\"et_pb_column et_pb_column_1_5 et_pb_column_6  et_pb_css_mix_blend_mode_passthrough et-last-child\"><div class=\"et_pb_module et_pb_blurb et_pb_blurb_4 et_pb_text_align_left et_pb_blurb_position_left et_pb_bg_layout_light et_had_animation\"><div class=\"et_pb_blurb_content\"><div class=\"et_pb_blurb_container\"><div class=\"et_pb_blurb_description\"><p>Entwerfen &amp; Implementieren von Sales Playbooks<\/p><\/div><\/div><\/div><\/div><\/div><\/div><\/div><\/div><\/div><\/div><\/div>\t\t\t\t\t\t\t\t<\/div>\n\t\t\t\t<\/div>\n\t\t\t\t\t<\/div>\n\t\t\t\t<\/div>\n\t\t<div class=\"elementor-element elementor-element-b001aaa e-flex e-con-boxed e-con e-parent\" data-id=\"b001aaa\" data-element_type=\"container\" data-e-type=\"container\">\n\t\t\t\t\t<div class=\"e-con-inner\">\n\t\t\t\t<div class=\"elementor-element elementor-element-cff0dd3 elementor-widget-divider--view-line_text elementor-widget-divider--element-align-center elementor-widget elementor-widget-divider\" data-id=\"cff0dd3\" data-element_type=\"widget\" data-e-type=\"widget\" data-widget_type=\"divider.default\">\n\t\t\t\t\t\t\t<div class=\"elementor-divider\">\n\t\t\t<span class=\"elementor-divider-separator\">\n\t\t\t\t\t\t\t<span class=\"elementor-divider__text elementor-divider__element\">\n\t\t\t\tUNSERE KUNDEN\t\t\t\t<\/span>\n\t\t\t\t\t\t<\/span>\n\t\t<\/div>\n\t\t\t\t\t\t<\/div>\n\t\t\t\t<div class=\"elementor-element elementor-element-c9a3916 elementor-widget elementor-widget-heading\" data-id=\"c9a3916\" data-element_type=\"widget\" data-e-type=\"widget\" data-widget_type=\"heading.default\">\n\t\t\t\t\t<h2 class=\"elementor-heading-title elementor-size-default\">WIR SIND <span style=\"color: #ff5151\">BEW\u00c4HRTE PARTNER F\u00dcR B2B <\/span><br>UNTERNEHMEN UND INSTITUTIONEN\n\n<\/h2>\t\t\t\t<\/div>\n\t\t\t\t<div class=\"elementor-element elementor-element-2502ec1 elementor-widget elementor-widget-shortcode\" data-id=\"2502ec1\" data-element_type=\"widget\" data-e-type=\"widget\" data-widget_type=\"shortcode.default\">\n\t\t\t\t\t\t\t<div class=\"elementor-shortcode\">\t\t<div data-elementor-type=\"section\" data-elementor-id=\"7846\" class=\"elementor elementor-7846\" data-elementor-post-type=\"elementor_library\">\n\t\t\t<div class=\"elementor-element elementor-element-9a43187 e-flex e-con-boxed e-con e-parent\" data-id=\"9a43187\" data-element_type=\"container\" data-e-type=\"container\">\n\t\t\t\t\t<div class=\"e-con-inner\">\n\t\t\t\t<div class=\"elementor-element elementor-element-f5b4c9a elementor-widget elementor-widget-image-carousel\" data-id=\"f5b4c9a\" data-element_type=\"widget\" data-e-type=\"widget\" data-settings=\"{&quot;slides_to_show&quot;:&quot;7&quot;,&quot;slides_to_show_tablet&quot;:&quot;4&quot;,&quot;slides_to_show_mobile&quot;:&quot;3&quot;,&quot;slides_to_scroll&quot;:&quot;1&quot;,&quot;slides_to_scroll_mobile&quot;:&quot;2&quot;,&quot;navigation&quot;:&quot;none&quot;,&quot;image_spacing_custom&quot;:{&quot;unit&quot;:&quot;px&quot;,&quot;size&quot;:18,&quot;sizes&quot;:[]},&quot;image_spacing_custom_mobile&quot;:{&quot;unit&quot;:&quot;px&quot;,&quot;size&quot;:10,&quot;sizes&quot;:[]},&quot;autoplay_speed&quot;:0,&quot;speed&quot;:5000,&quot;autoplay&quot;:&quot;yes&quot;,&quot;infinite&quot;:&quot;yes&quot;,&quot;image_spacing_custom_tablet&quot;:{&quot;unit&quot;:&quot;px&quot;,&quot;size&quot;:&quot;&quot;,&quot;sizes&quot;:[]}}\" data-widget_type=\"image-carousel.default\">\n\t\t\t\t\t\t\t<div class=\"elementor-image-carousel-wrapper swiper\" role=\"region\" aria-roledescription=\"carousel\" aria-label=\"Image Carousel\" dir=\"ltr\">\n\t\t\t<div class=\"elementor-image-carousel swiper-wrapper\" aria-live=\"off\">\n\t\t\t\t\t\t\t\t<div class=\"swiper-slide\" role=\"group\" aria-roledescription=\"slide\" aria-label=\"1 von 20\" data-no-translation-aria-label=\"\"><figure class=\"swiper-slide-inner\"><img decoding=\"async\" class=\"swiper-slide-image\" src=\"https:\/\/www.deepbluegrowth.com\/wp-content\/uploads\/2023\/08\/23.webp\" alt=\"23\" \/><\/figure><\/div><div class=\"swiper-slide\" role=\"group\" aria-roledescription=\"slide\" aria-label=\"2 von 20\" data-no-translation-aria-label=\"\"><figure class=\"swiper-slide-inner\"><img decoding=\"async\" class=\"swiper-slide-image\" src=\"https:\/\/www.deepbluegrowth.com\/wp-content\/uploads\/2025\/03\/eschbach-Logo.webp\" alt=\"eschbach Logo\" \/><\/figure><\/div><div class=\"swiper-slide\" role=\"group\" aria-roledescription=\"slide\" aria-label=\"3 von 20\" data-no-translation-aria-label=\"\"><figure class=\"swiper-slide-inner\"><img decoding=\"async\" class=\"swiper-slide-image\" src=\"https:\/\/www.deepbluegrowth.com\/wp-content\/uploads\/2023\/08\/24.webp\" alt=\"24\" \/><\/figure><\/div><div class=\"swiper-slide\" role=\"group\" aria-roledescription=\"slide\" aria-label=\"4 von 20\" data-no-translation-aria-label=\"\"><figure class=\"swiper-slide-inner\"><img decoding=\"async\" class=\"swiper-slide-image\" src=\"https:\/\/www.deepbluegrowth.com\/wp-content\/uploads\/2023\/08\/25.webp\" alt=\"25\" \/><\/figure><\/div><div class=\"swiper-slide\" role=\"group\" aria-roledescription=\"slide\" aria-label=\"5 von 20\" data-no-translation-aria-label=\"\"><figure class=\"swiper-slide-inner\"><img decoding=\"async\" class=\"swiper-slide-image\" src=\"https:\/\/www.deepbluegrowth.com\/wp-content\/uploads\/2023\/08\/26.webp\" alt=\"26\" \/><\/figure><\/div><div class=\"swiper-slide\" role=\"group\" aria-roledescription=\"slide\" aria-label=\"6 von 20\" data-no-translation-aria-label=\"\"><figure class=\"swiper-slide-inner\"><img decoding=\"async\" class=\"swiper-slide-image\" src=\"https:\/\/www.deepbluegrowth.com\/wp-content\/uploads\/2023\/08\/27.webp\" alt=\"27\" \/><\/figure><\/div><div class=\"swiper-slide\" role=\"group\" aria-roledescription=\"slide\" aria-label=\"7 von 20\" data-no-translation-aria-label=\"\"><figure class=\"swiper-slide-inner\"><img decoding=\"async\" class=\"swiper-slide-image\" src=\"https:\/\/www.deepbluegrowth.com\/wp-content\/uploads\/2023\/08\/28.webp\" alt=\"28\" \/><\/figure><\/div><div class=\"swiper-slide\" role=\"group\" aria-roledescription=\"slide\" aria-label=\"8 von 20\" data-no-translation-aria-label=\"\"><figure class=\"swiper-slide-inner\"><img decoding=\"async\" class=\"swiper-slide-image\" src=\"https:\/\/www.deepbluegrowth.com\/wp-content\/uploads\/2023\/08\/29.webp\" alt=\"29\" \/><\/figure><\/div><div class=\"swiper-slide\" role=\"group\" aria-roledescription=\"slide\" aria-label=\"9 von 20\" data-no-translation-aria-label=\"\"><figure class=\"swiper-slide-inner\"><img decoding=\"async\" class=\"swiper-slide-image\" src=\"https:\/\/www.deepbluegrowth.com\/wp-content\/uploads\/2023\/08\/30.webp\" alt=\"30\" \/><\/figure><\/div><div class=\"swiper-slide\" role=\"group\" aria-roledescription=\"slide\" aria-label=\"10 von 20\" data-no-translation-aria-label=\"\"><figure class=\"swiper-slide-inner\"><img decoding=\"async\" class=\"swiper-slide-image\" src=\"https:\/\/www.deepbluegrowth.com\/wp-content\/uploads\/2023\/08\/31.webp\" alt=\"31\" \/><\/figure><\/div><div class=\"swiper-slide\" role=\"group\" aria-roledescription=\"slide\" aria-label=\"11 von 20\" data-no-translation-aria-label=\"\"><figure class=\"swiper-slide-inner\"><img decoding=\"async\" class=\"swiper-slide-image\" src=\"https:\/\/www.deepbluegrowth.com\/wp-content\/uploads\/2023\/08\/32.webp\" alt=\"32\" \/><\/figure><\/div><div class=\"swiper-slide\" role=\"group\" aria-roledescription=\"slide\" aria-label=\"12 von 20\" data-no-translation-aria-label=\"\"><figure class=\"swiper-slide-inner\"><img decoding=\"async\" class=\"swiper-slide-image\" src=\"https:\/\/www.deepbluegrowth.com\/wp-content\/uploads\/2023\/08\/33.webp\" alt=\"33\" \/><\/figure><\/div><div class=\"swiper-slide\" role=\"group\" aria-roledescription=\"slide\" aria-label=\"13 von 20\" data-no-translation-aria-label=\"\"><figure class=\"swiper-slide-inner\"><img decoding=\"async\" class=\"swiper-slide-image\" src=\"https:\/\/www.deepbluegrowth.com\/wp-content\/uploads\/2023\/08\/34.webp\" alt=\"34\" \/><\/figure><\/div><div class=\"swiper-slide\" role=\"group\" aria-roledescription=\"slide\" aria-label=\"14 von 20\" data-no-translation-aria-label=\"\"><figure class=\"swiper-slide-inner\"><img decoding=\"async\" class=\"swiper-slide-image\" src=\"https:\/\/www.deepbluegrowth.com\/wp-content\/uploads\/2023\/10\/Sedai.webp\" alt=\"SedaiNow logo\" \/><\/figure><\/div><div class=\"swiper-slide\" role=\"group\" aria-roledescription=\"slide\" aria-label=\"15 von 20\" data-no-translation-aria-label=\"\"><figure class=\"swiper-slide-inner\"><img decoding=\"async\" class=\"swiper-slide-image\" src=\"https:\/\/www.deepbluegrowth.com\/wp-content\/uploads\/2025\/02\/Vali-Berlin-New-Logo.webp\" alt=\"Vali Berlin New Logo\" \/><\/figure><\/div><div class=\"swiper-slide\" role=\"group\" aria-roledescription=\"slide\" aria-label=\"16 von 20\" data-no-translation-aria-label=\"\"><figure class=\"swiper-slide-inner\"><img decoding=\"async\" class=\"swiper-slide-image\" src=\"https:\/\/www.deepbluegrowth.com\/wp-content\/uploads\/2025\/02\/FEWO-HELDEN-Logo.webp\" alt=\"FEWO HELDEN Logo\" \/><\/figure><\/div><div class=\"swiper-slide\" role=\"group\" aria-roledescription=\"slide\" aria-label=\"17 von 20\" data-no-translation-aria-label=\"\"><figure class=\"swiper-slide-inner\"><img decoding=\"async\" class=\"swiper-slide-image\" src=\"https:\/\/www.deepbluegrowth.com\/wp-content\/uploads\/2024\/09\/EIT-Manufacturing.webp\" alt=\"EIT Manufacturing\" \/><\/figure><\/div><div class=\"swiper-slide\" role=\"group\" aria-roledescription=\"slide\" aria-label=\"18 von 20\" data-no-translation-aria-label=\"\"><figure class=\"swiper-slide-inner\"><img decoding=\"async\" class=\"swiper-slide-image\" src=\"https:\/\/www.deepbluegrowth.com\/wp-content\/uploads\/2024\/09\/EIT-Raw-Materials.webp\" alt=\"EIT Raw Materials\" \/><\/figure><\/div><div class=\"swiper-slide\" role=\"group\" aria-roledescription=\"slide\" aria-label=\"19 von 20\" data-no-translation-aria-label=\"\"><figure class=\"swiper-slide-inner\"><img decoding=\"async\" class=\"swiper-slide-image\" src=\"https:\/\/www.deepbluegrowth.com\/wp-content\/uploads\/2025\/02\/printbart.com-Logo.webp\" alt=\"printbart.com Logo\" \/><\/figure><\/div><div class=\"swiper-slide\" role=\"group\" aria-roledescription=\"slide\" aria-label=\"20 von 20\" data-no-translation-aria-label=\"\"><figure class=\"swiper-slide-inner\"><img decoding=\"async\" class=\"swiper-slide-image\" src=\"https:\/\/www.deepbluegrowth.com\/wp-content\/uploads\/2025\/05\/mind-eight.webp\" alt=\"mind-eight\" \/><\/figure><\/div>\t\t\t<\/div>\n\t\t\t\t\t\t\t\n\t\t\t\t\t\t\t\t\t<\/div>\n\t\t\t\t\t\t<\/div>\n\t\t\t\t\t<\/div>\n\t\t\t\t<\/div>\n\t\t\t\t<\/div>\n\t\t<\/div>\n\t\t\t\t\t\t<\/div>\n\t\t\t\t\t<\/div>\n\t\t\t\t<\/div>\n\t\t\t\t<\/div>","protected":false},"excerpt":{"rendered":"<p>SOCIAL SELLINGTRAINING Create 2x more leads and opportunities by using best practice social selling strategies. We train your sales teams and equip them with the secret sauce for LinkedIn. The training program consists of five modules with theory, examples and coaching, that can be tailored to the needs of your team. REQUEST A TRAINING PROPOSAL [&hellip;]<\/p>\n","protected":false},"author":12,"featured_media":0,"parent":0,"menu_order":0,"comment_status":"closed","ping_status":"closed","template":"","meta":{"footnotes":""},"class_list":["post-46","page","type-page","status-publish","hentry"],"_links":{"self":[{"href":"https:\/\/www.deepbluegrowth.com\/de\/wp-json\/wp\/v2\/pages\/46","targetHints":{"allow":["GET"]}}],"collection":[{"href":"https:\/\/www.deepbluegrowth.com\/de\/wp-json\/wp\/v2\/pages"}],"about":[{"href":"https:\/\/www.deepbluegrowth.com\/de\/wp-json\/wp\/v2\/types\/page"}],"author":[{"embeddable":true,"href":"https:\/\/www.deepbluegrowth.com\/de\/wp-json\/wp\/v2\/users\/12"}],"replies":[{"embeddable":true,"href":"https:\/\/www.deepbluegrowth.com\/de\/wp-json\/wp\/v2\/comments?post=46"}],"version-history":[{"count":0,"href":"https:\/\/www.deepbluegrowth.com\/de\/wp-json\/wp\/v2\/pages\/46\/revisions"}],"wp:attachment":[{"href":"https:\/\/www.deepbluegrowth.com\/de\/wp-json\/wp\/v2\/media?parent=46"}],"curies":[{"name":"wp","href":"https:\/\/api.w.org\/{rel}","templated":true}]}}