{"id":8982,"date":"2026-01-29T00:29:40","date_gmt":"2026-01-29T00:29:40","guid":{"rendered":"https:\/\/www.deepbluegrowth.com\/?page_id=8982"},"modified":"2026-02-13T16:13:31","modified_gmt":"2026-02-13T16:13:31","slug":"success-stories","status":"publish","type":"page","link":"https:\/\/www.deepbluegrowth.com\/de\/success-stories\/","title":{"rendered":"Success Stories"},"content":{"rendered":"<div data-elementor-type=\"wp-page\" data-elementor-id=\"8982\" class=\"elementor elementor-8982\" data-elementor-post-type=\"page\">\n\t\t\t\t<div class=\"elementor-element elementor-element-2de858a e-flex e-con-boxed e-con e-parent\" data-id=\"2de858a\" data-element_type=\"container\" data-e-type=\"container\" data-settings=\"{&quot;background_background&quot;:&quot;video&quot;,&quot;background_video_link&quot;:&quot;https:\\\/\\\/www.deepbluegrowth.com\\\/wp-content\\\/uploads\\\/2026\\\/01\\\/success-stories-video-1.mp4&quot;,&quot;background_play_on_mobile&quot;:&quot;yes&quot;,&quot;background_privacy_mode&quot;:&quot;yes&quot;}\">\n\t\t\t\t\t<div class=\"e-con-inner\">\n\t\t<div class=\"elementor-background-video-container\">\n\t\t\t\t\t\t\t<video class=\"elementor-background-video-hosted\" role=\"presentation\" autoplay muted playsinline loop><\/video>\n\t\t\t\t\t<\/div>\t\t<div class=\"elementor-element elementor-element-4b440ec elementor-widget__width-initial elementor-widget-tablet__width-inherit elementor-widget-mobile__width-inherit elementor-widget elementor-widget-heading\" data-id=\"4b440ec\" data-element_type=\"widget\" data-e-type=\"widget\" data-widget_type=\"heading.default\">\n\t\t\t\t\t<h1 class=\"elementor-heading-title elementor-size-default\">SUCCESS STORIES<\/h1>\t\t\t\t<\/div>\n\t\t\t\t<div class=\"elementor-element elementor-element-7db1c31 elementor-widget__width-initial elementor-widget-tablet__width-inherit elementor-widget-mobile__width-inherit elementor-widget elementor-widget-heading\" data-id=\"7db1c31\" data-element_type=\"widget\" data-e-type=\"widget\" data-widget_type=\"heading.default\">\n\t\t\t\t\t<h1 class=\"elementor-heading-title elementor-size-default\">Lass dich inspirieren<\/h1>\t\t\t\t<\/div>\n\t\t\t\t<div class=\"elementor-element elementor-element-81707e4 elementor-widget__width-initial elementor-widget-tablet__width-initial elementor-widget-mobile__width-inherit elementor-widget elementor-widget-text-editor\" data-id=\"81707e4\" data-element_type=\"widget\" data-e-type=\"widget\" data-widget_type=\"text-editor.default\">\n\t\t\t\t\t\t\t\t\t<p class=\"p1\">wie Unternehmen mit uns ihre Marke ausbauen, mehr qualifizierte Leads und Kunden gewinnen und ihre Marketing- und Gesch\u00e4ftsziele schneller erreichen.<\/p>\t\t\t\t\t\t\t\t<\/div>\n\t\t<div class=\"elementor-element elementor-element-2a1fa01 e-con-full e-flex e-con e-child\" data-id=\"2a1fa01\" data-element_type=\"container\" data-e-type=\"container\">\n\t\t\t\t<div class=\"elementor-element elementor-element-569c197 elementor-align-left elementor-widget elementor-widget-button\" data-id=\"569c197\" data-element_type=\"widget\" data-e-type=\"widget\" data-widget_type=\"button.default\">\n\t\t\t\t\t\t\t\t\t\t<a class=\"elementor-button elementor-button-link elementor-size-sm\" href=\"https:\/\/www.deepbluegrowth.com\/de\/contact\/\">\n\t\t\t\t\t\t<span class=\"elementor-button-content-wrapper\">\n\t\t\t\t\t\t\t\t\t<span class=\"elementor-button-text\">Support anfordern<\/span>\n\t\t\t\t\t<\/span>\n\t\t\t\t\t<\/a>\n\t\t\t\t\t\t\t\t<\/div>\n\t\t\t\t<div class=\"elementor-element elementor-element-df91502 elementor-align-left elementor-widget elementor-widget-button\" data-id=\"df91502\" data-element_type=\"widget\" data-e-type=\"widget\" data-widget_type=\"button.default\">\n\t\t\t\t\t\t\t\t\t\t<a class=\"elementor-button elementor-button-link elementor-size-sm\" href=\"https:\/\/calendly.com\/deepbluegrowth\/strategycall?month=2023-11\" target=\"_blank\" rel=\"noopener\">\n\t\t\t\t\t\t<span class=\"elementor-button-content-wrapper\">\n\t\t\t\t\t\t\t\t\t<span class=\"elementor-button-text\">Termin buchen<\/span>\n\t\t\t\t\t<\/span>\n\t\t\t\t\t<\/a>\n\t\t\t\t\t\t\t\t<\/div>\n\t\t\t\t<\/div>\n\t\t\t\t\t<\/div>\n\t\t\t\t<\/div>\n\t\t<div class=\"elementor-element elementor-element-258c3a5 e-flex e-con-boxed e-con e-parent\" data-id=\"258c3a5\" data-element_type=\"container\" data-e-type=\"container\">\n\t\t\t\t\t<div class=\"e-con-inner\">\n\t\t<div class=\"elementor-element elementor-element-d515332 e-con-full e-flex e-con e-child\" data-id=\"d515332\" data-element_type=\"container\" data-e-type=\"container\">\n\t\t\t\t<div class=\"elementor-element elementor-element-18e4c7e elementor-widget elementor-widget-image\" data-id=\"18e4c7e\" data-element_type=\"widget\" data-e-type=\"widget\" data-widget_type=\"image.default\">\n\t\t\t\t\t\t\t\t\t\t\t\t\t\t\t<img fetchpriority=\"high\" decoding=\"async\" width=\"2480\" height=\"1653\" src=\"https:\/\/www.deepbluegrowth.com\/wp-content\/uploads\/2026\/01\/success-story-images-119.webp\" class=\"attachment-full size-full wp-image-9009\" alt=\"\" srcset=\"https:\/\/www.deepbluegrowth.com\/wp-content\/uploads\/2026\/01\/success-story-images-119.webp 2480w, https:\/\/www.deepbluegrowth.com\/wp-content\/uploads\/2026\/01\/success-story-images-119-300x200.webp 300w, https:\/\/www.deepbluegrowth.com\/wp-content\/uploads\/2026\/01\/success-story-images-119-1024x683.webp 1024w, https:\/\/www.deepbluegrowth.com\/wp-content\/uploads\/2026\/01\/success-story-images-119-768x512.webp 768w, https:\/\/www.deepbluegrowth.com\/wp-content\/uploads\/2026\/01\/success-story-images-119-1536x1024.webp 1536w, https:\/\/www.deepbluegrowth.com\/wp-content\/uploads\/2026\/01\/success-story-images-119-2048x1365.webp 2048w, https:\/\/www.deepbluegrowth.com\/wp-content\/uploads\/2026\/01\/success-story-images-119-18x12.webp 18w\" sizes=\"(max-width: 2480px) 100vw, 2480px\" \/>\t\t\t\t\t\t\t\t\t\t\t\t\t\t\t<\/div>\n\t\t\t\t<\/div>\n\t\t<div class=\"elementor-element elementor-element-0d261f3 e-con-full e-flex e-con e-child\" data-id=\"0d261f3\" data-element_type=\"container\" data-e-type=\"container\">\n\t\t\t\t<div class=\"elementor-element elementor-element-a1146bf elementor-widget__width-inherit elementor-widget elementor-widget-heading\" data-id=\"a1146bf\" data-element_type=\"widget\" data-e-type=\"widget\" data-widget_type=\"heading.default\">\n\t\t\t\t\t<h2 class=\"elementor-heading-title elementor-size-default\">Vermarktung und Verkauf von 1.000+ Tickets f\u00fcr das #1\nRohstoff-Event Europas: Der EIT RawMaterials\nSummit 2025<\/h2>\t\t\t\t<\/div>\n\t\t\t\t<div class=\"elementor-element elementor-element-cb6e5a4 elementor-widget__width-initial elementor-widget-tablet__width-inherit elementor-widget elementor-widget-text-editor\" data-id=\"cb6e5a4\" data-element_type=\"widget\" data-e-type=\"widget\" data-widget_type=\"text-editor.default\">\n\t\t\t\t\t\t\t\t\t<p>Der EIT RawMaterials Summit 2025 hat nicht nur alle bisherigen Rekorde gebrochen \u2013 er war auch komplett ausverkauft. Durch elf gezielte Kampagnen \u00fcber mehrere Monate hinweg auf drei Kan\u00e4len haben wir mehr als 1.000 Tickets verkauft und mehrere Millionen Impressionen generiert, wodurch die Markenbekanntheit deutlich gesteigert werden konnte.<\/p>\t\t\t\t\t\t\t\t<\/div>\n\t\t<div class=\"elementor-element elementor-element-8d4522f e-con-full e-flex e-con e-child\" data-id=\"8d4522f\" data-element_type=\"container\" data-e-type=\"container\">\n\t\t\t\t<div class=\"elementor-element elementor-element-de81c82 elementor-widget elementor-widget-image\" data-id=\"de81c82\" data-element_type=\"widget\" data-e-type=\"widget\" data-widget_type=\"image.default\">\n\t\t\t\t\t\t\t\t\t\t\t\t\t\t\t<img decoding=\"async\" width=\"465\" height=\"240\" src=\"https:\/\/www.deepbluegrowth.com\/wp-content\/uploads\/2026\/01\/EIT-Raw-Materials-Cropped-New.webp\" class=\"attachment-full size-full wp-image-9064\" alt=\"\" srcset=\"https:\/\/www.deepbluegrowth.com\/wp-content\/uploads\/2026\/01\/EIT-Raw-Materials-Cropped-New.webp 465w, https:\/\/www.deepbluegrowth.com\/wp-content\/uploads\/2026\/01\/EIT-Raw-Materials-Cropped-New-300x155.webp 300w, https:\/\/www.deepbluegrowth.com\/wp-content\/uploads\/2026\/01\/EIT-Raw-Materials-Cropped-New-18x9.webp 18w\" sizes=\"(max-width: 465px) 100vw, 465px\" \/>\t\t\t\t\t\t\t\t\t\t\t\t\t\t\t<\/div>\n\t\t\t\t<\/div>\n\t\t\t\t<div class=\"elementor-element elementor-element-95efdd2 elementor-align-left elementor-widget__width-inherit elementor-widget elementor-widget-button\" data-id=\"95efdd2\" data-element_type=\"widget\" data-e-type=\"widget\" data-widget_type=\"button.default\">\n\t\t\t\t\t\t\t\t\t\t<a class=\"elementor-button elementor-button-link elementor-size-sm\" href=\"https:\/\/www.deepbluegrowth.com\/de\/eit-rawmaterials\/\">\n\t\t\t\t\t\t<span class=\"elementor-button-content-wrapper\">\n\t\t\t\t\t\t<span class=\"elementor-button-icon\">\n\t\t\t\t<i aria-hidden=\"true\" class=\"icomoon icomoon-arrow-up-right2\"><\/i>\t\t\t<\/span>\n\t\t\t\t\t\t\t\t\t<span class=\"elementor-button-text\">Lies die ganze Fallstudie<\/span>\n\t\t\t\t\t<\/span>\n\t\t\t\t\t<\/a>\n\t\t\t\t\t\t\t\t<\/div>\n\t\t\t\t<\/div>\n\t\t\t\t\t<\/div>\n\t\t\t\t<\/div>\n\t\t<div class=\"elementor-element elementor-element-4faf717 e-flex e-con-boxed e-con e-parent\" data-id=\"4faf717\" data-element_type=\"container\" data-e-type=\"container\">\n\t\t\t\t\t<div class=\"e-con-inner\">\n\t\t<div class=\"elementor-element elementor-element-f834575 e-con-full e-flex e-con e-child\" data-id=\"f834575\" data-element_type=\"container\" data-e-type=\"container\">\n\t\t\t\t<div class=\"elementor-element elementor-element-c0f4ee7 elementor-widget__width-inherit elementor-widget-tablet__width-inherit elementor-widget elementor-widget-heading\" data-id=\"c0f4ee7\" data-element_type=\"widget\" data-e-type=\"widget\" data-widget_type=\"heading.default\">\n\t\t\t\t\t<h5 class=\"elementor-heading-title elementor-size-default\">Alexandru Tand<\/h5>\t\t\t\t<\/div>\n\t\t<div class=\"elementor-element elementor-element-c19d532 e-con-full e-flex e-con e-child\" data-id=\"c19d532\" data-element_type=\"container\" data-e-type=\"container\">\n\t\t<div class=\"elementor-element elementor-element-9a9b94b e-con-full e-flex e-con e-child\" data-id=\"9a9b94b\" data-element_type=\"container\" data-e-type=\"container\">\n\t\t\t\t<div class=\"elementor-element elementor-element-e8b6cb6 elementor-widget-mobile__width-inherit elementor-widget elementor-widget-heading\" data-id=\"e8b6cb6\" data-element_type=\"widget\" data-e-type=\"widget\" data-widget_type=\"heading.default\">\n\t\t\t\t\t<h4 class=\"elementor-heading-title elementor-size-default\">Event Manager<\/h4>\t\t\t\t<\/div>\n\t\t\t\t<div class=\"elementor-element elementor-element-6fccffd elementor-widget-mobile__width-inherit elementor-widget elementor-widget-heading\" data-id=\"6fccffd\" data-element_type=\"widget\" data-e-type=\"widget\" data-widget_type=\"heading.default\">\n\t\t\t\t\t<h4 class=\"elementor-heading-title elementor-size-default\">EIT RawMaterials GmbH<\/h4>\t\t\t\t<\/div>\n\t\t\t\t<\/div>\n\t\t<div class=\"elementor-element elementor-element-61b8145 e-con-full e-flex e-con e-child\" data-id=\"61b8145\" data-element_type=\"container\" data-e-type=\"container\">\n\t\t\t\t<div class=\"elementor-element elementor-element-d31a4b2 elementor-widget elementor-widget-image\" data-id=\"d31a4b2\" data-element_type=\"widget\" data-e-type=\"widget\" data-widget_type=\"image.default\">\n\t\t\t\t\t\t\t\t\t\t\t\t\t\t\t<img decoding=\"async\" width=\"465\" height=\"240\" src=\"https:\/\/www.deepbluegrowth.com\/wp-content\/uploads\/2026\/01\/EIT-Raw-Materials-Cropped-New.webp\" class=\"attachment-full size-full wp-image-9064\" alt=\"\" srcset=\"https:\/\/www.deepbluegrowth.com\/wp-content\/uploads\/2026\/01\/EIT-Raw-Materials-Cropped-New.webp 465w, https:\/\/www.deepbluegrowth.com\/wp-content\/uploads\/2026\/01\/EIT-Raw-Materials-Cropped-New-300x155.webp 300w, https:\/\/www.deepbluegrowth.com\/wp-content\/uploads\/2026\/01\/EIT-Raw-Materials-Cropped-New-18x9.webp 18w\" sizes=\"(max-width: 465px) 100vw, 465px\" \/>\t\t\t\t\t\t\t\t\t\t\t\t\t\t\t<\/div>\n\t\t\t\t<\/div>\n\t\t\t\t<\/div>\n\t\t\t\t<div class=\"elementor-element elementor-element-335132b elementor-widget__width-inherit elementor-widget-tablet__width-inherit elementor-widget-mobile__width-inherit elementor-widget elementor-widget-image\" data-id=\"335132b\" data-element_type=\"widget\" data-e-type=\"widget\" data-widget_type=\"image.default\">\n\t\t\t\t\t\t\t\t\t\t\t\t\t\t\t<img decoding=\"async\" width=\"300\" height=\"300\" src=\"https:\/\/www.deepbluegrowth.com\/wp-content\/uploads\/2025\/05\/Alex.webp\" class=\"attachment-full size-full wp-image-8021\" alt=\"\" srcset=\"https:\/\/www.deepbluegrowth.com\/wp-content\/uploads\/2025\/05\/Alex.webp 300w, https:\/\/www.deepbluegrowth.com\/wp-content\/uploads\/2025\/05\/Alex-150x150.webp 150w, https:\/\/www.deepbluegrowth.com\/wp-content\/uploads\/2025\/05\/Alex-12x12.webp 12w\" sizes=\"(max-width: 300px) 100vw, 300px\" \/>\t\t\t\t\t\t\t\t\t\t\t\t\t\t\t<\/div>\n\t\t\t\t<\/div>\n\t\t<div class=\"elementor-element elementor-element-d4f3ec4 e-con-full e-flex e-con e-child\" data-id=\"d4f3ec4\" data-element_type=\"container\" data-e-type=\"container\">\n\t\t\t\t<div class=\"elementor-element elementor-element-5cec0a6 elementor-widget__width-initial elementor-view-default elementor-widget elementor-widget-icon\" data-id=\"5cec0a6\" data-element_type=\"widget\" data-e-type=\"widget\" data-widget_type=\"icon.default\">\n\t\t\t\t\t\t\t<div class=\"elementor-icon-wrapper\">\n\t\t\t<div class=\"elementor-icon\">\n\t\t\t<i aria-hidden=\"true\" class=\"icomoon icomoon-quotes-right\"><\/i>\t\t\t<\/div>\n\t\t<\/div>\n\t\t\t\t\t\t<\/div>\n\t\t\t\t<div class=\"elementor-element elementor-element-fa2e6f6 elementor-widget__width-initial elementor-widget elementor-widget-text-editor\" data-id=\"fa2e6f6\" data-element_type=\"widget\" data-e-type=\"widget\" data-widget_type=\"text-editor.default\">\n\t\t\t\t\t\t\t\t\t<p>Die Zusammenarbeit mit Deep Blue Growth war von Anfang bis Ende eine fantastische Erfahrung. Das Team ist nicht nur hochqualifiziert und kompetent, sondern auch unglaublich kooperativ, reaktionsschnell und engagiert, um echte Ergebnisse zu liefern. Sie haben sich die Zeit genommen, unsere Ziele zu verstehen, haben uns eine klare strategische Ausrichtung gegeben und jeden Schritt mit Pr\u00e4zision und Kreativit\u00e4t umgesetzt. Es ist selten, einen Partner zu finden, der technisches Fachwissen mit einem so ausgepr\u00e4gten Sinn f\u00fcr Partnerschaft und Zuverl\u00e4ssigkeit verbindet. Sehr empfehlenswert!<\/p>\t\t\t\t\t\t\t\t<\/div>\n\t\t\t\t<div class=\"elementor-element elementor-element-05322fe elementor-widget__width-initial elementor-view-default elementor-widget elementor-widget-icon\" data-id=\"05322fe\" data-element_type=\"widget\" data-e-type=\"widget\" data-widget_type=\"icon.default\">\n\t\t\t\t\t\t\t<div class=\"elementor-icon-wrapper\">\n\t\t\t<div class=\"elementor-icon\">\n\t\t\t<i aria-hidden=\"true\" class=\"icomoon icomoon-quotes-right\"><\/i>\t\t\t<\/div>\n\t\t<\/div>\n\t\t\t\t\t\t<\/div>\n\t\t\t\t<\/div>\n\t\t\t\t\t<\/div>\n\t\t\t\t<\/div>\n\t\t<div class=\"elementor-element elementor-element-3ff3824 e-flex e-con-boxed e-con e-parent\" data-id=\"3ff3824\" data-element_type=\"container\" data-e-type=\"container\">\n\t\t\t\t\t<div class=\"e-con-inner\">\n\t\t<div class=\"elementor-element elementor-element-1816826 e-con-full e-flex e-con e-child\" data-id=\"1816826\" data-element_type=\"container\" data-e-type=\"container\">\n\t\t\t\t<div class=\"elementor-element elementor-element-1aad997 elementor-widget elementor-widget-image\" data-id=\"1aad997\" data-element_type=\"widget\" data-e-type=\"widget\" data-widget_type=\"image.default\">\n\t\t\t\t\t\t\t\t\t\t\t\t\t\t\t<img loading=\"lazy\" decoding=\"async\" width=\"1761\" height=\"995\" src=\"https:\/\/www.deepbluegrowth.com\/wp-content\/uploads\/2026\/01\/success-story-images-mind8.webp\" class=\"attachment-full size-full wp-image-9165\" alt=\"\" srcset=\"https:\/\/www.deepbluegrowth.com\/wp-content\/uploads\/2026\/01\/success-story-images-mind8.webp 1761w, https:\/\/www.deepbluegrowth.com\/wp-content\/uploads\/2026\/01\/success-story-images-mind8-300x170.webp 300w, https:\/\/www.deepbluegrowth.com\/wp-content\/uploads\/2026\/01\/success-story-images-mind8-1024x579.webp 1024w, https:\/\/www.deepbluegrowth.com\/wp-content\/uploads\/2026\/01\/success-story-images-mind8-768x434.webp 768w, https:\/\/www.deepbluegrowth.com\/wp-content\/uploads\/2026\/01\/success-story-images-mind8-1536x868.webp 1536w, https:\/\/www.deepbluegrowth.com\/wp-content\/uploads\/2026\/01\/success-story-images-mind8-18x10.webp 18w\" sizes=\"(max-width: 1761px) 100vw, 1761px\" \/>\t\t\t\t\t\t\t\t\t\t\t\t\t\t\t<\/div>\n\t\t\t\t<\/div>\n\t\t<div class=\"elementor-element elementor-element-a5bbdf3 e-con-full e-flex e-con e-child\" data-id=\"a5bbdf3\" data-element_type=\"container\" data-e-type=\"container\">\n\t\t\t\t<div class=\"elementor-element elementor-element-738ecaa elementor-widget__width-inherit elementor-widget elementor-widget-heading\" data-id=\"738ecaa\" data-element_type=\"widget\" data-e-type=\"widget\" data-widget_type=\"heading.default\">\n\t\t\t\t\t<h2 class=\"elementor-heading-title elementor-size-default\">Wie das Beratungsunternehmen MINDEIGHT\nmit einer neuen Marketingstrategie\nsein Wachstum beschleunigte<\/h2>\t\t\t\t<\/div>\n\t\t\t\t<div class=\"elementor-element elementor-element-343a7ac elementor-widget__width-initial elementor-widget-tablet__width-inherit elementor-widget elementor-widget-text-editor\" data-id=\"343a7ac\" data-element_type=\"widget\" data-e-type=\"widget\" data-widget_type=\"text-editor.default\">\n\t\t\t\t\t\t\t\t\t<p>MINDEIGHT ist eine strategische IT-Management- und Digitalisierungsberatung mit Sitz in Berlin. Deep Blue Growth arbeitete mit MINDEIGHT zusammen, um eine neue Marketingstrategie, einen Marketingplan und einen Umsetzungsfahrplan zu entwickeln und das Wachstum zu beschleunigen.<\/p>\t\t\t\t\t\t\t\t<\/div>\n\t\t<div class=\"elementor-element elementor-element-3795c30 e-con-full e-flex e-con e-child\" data-id=\"3795c30\" data-element_type=\"container\" data-e-type=\"container\">\n\t\t\t\t<div class=\"elementor-element elementor-element-6c54484 elementor-widget elementor-widget-image\" data-id=\"6c54484\" data-element_type=\"widget\" data-e-type=\"widget\" data-widget_type=\"image.default\">\n\t\t\t\t\t\t\t\t\t\t\t\t\t\t\t<img loading=\"lazy\" decoding=\"async\" width=\"625\" height=\"527\" src=\"https:\/\/www.deepbluegrowth.com\/wp-content\/uploads\/2026\/01\/mind8-logo.webp\" class=\"attachment-full size-full wp-image-9183\" alt=\"\" srcset=\"https:\/\/www.deepbluegrowth.com\/wp-content\/uploads\/2026\/01\/mind8-logo.webp 625w, https:\/\/www.deepbluegrowth.com\/wp-content\/uploads\/2026\/01\/mind8-logo-300x253.webp 300w, https:\/\/www.deepbluegrowth.com\/wp-content\/uploads\/2026\/01\/mind8-logo-14x12.webp 14w\" sizes=\"(max-width: 625px) 100vw, 625px\" \/>\t\t\t\t\t\t\t\t\t\t\t\t\t\t\t<\/div>\n\t\t\t\t<\/div>\n\t\t\t\t<div class=\"elementor-element elementor-element-889de1a elementor-align-left elementor-widget__width-inherit elementor-widget elementor-widget-button\" data-id=\"889de1a\" data-element_type=\"widget\" data-e-type=\"widget\" data-widget_type=\"button.default\">\n\t\t\t\t\t\t\t\t\t\t<a class=\"elementor-button elementor-button-link elementor-size-sm\" href=\"https:\/\/www.deepbluegrowth.com\/de\/mindeight\/\">\n\t\t\t\t\t\t<span class=\"elementor-button-content-wrapper\">\n\t\t\t\t\t\t<span class=\"elementor-button-icon\">\n\t\t\t\t<i aria-hidden=\"true\" class=\"icomoon icomoon-arrow-up-right2\"><\/i>\t\t\t<\/span>\n\t\t\t\t\t\t\t\t\t<span class=\"elementor-button-text\">Lies die ganze Fallstudie<\/span>\n\t\t\t\t\t<\/span>\n\t\t\t\t\t<\/a>\n\t\t\t\t\t\t\t\t<\/div>\n\t\t\t\t<\/div>\n\t\t\t\t\t<\/div>\n\t\t\t\t<\/div>\n\t\t<div class=\"elementor-element elementor-element-908ea46 e-flex e-con-boxed e-con e-parent\" data-id=\"908ea46\" data-element_type=\"container\" data-e-type=\"container\">\n\t\t\t\t\t<div class=\"e-con-inner\">\n\t\t<div class=\"elementor-element elementor-element-24f05bd e-con-full e-flex e-con e-child\" data-id=\"24f05bd\" data-element_type=\"container\" data-e-type=\"container\">\n\t\t\t\t<div class=\"elementor-element elementor-element-94dee5f elementor-widget__width-inherit elementor-widget-tablet__width-inherit elementor-widget elementor-widget-heading\" data-id=\"94dee5f\" data-element_type=\"widget\" data-e-type=\"widget\" data-widget_type=\"heading.default\">\n\t\t\t\t\t<h5 class=\"elementor-heading-title elementor-size-default\">Matthias Seidl<\/h5>\t\t\t\t<\/div>\n\t\t<div class=\"elementor-element elementor-element-2cf7d97 e-con-full e-flex e-con e-child\" data-id=\"2cf7d97\" data-element_type=\"container\" data-e-type=\"container\">\n\t\t<div class=\"elementor-element elementor-element-7dd9c22 e-con-full e-flex e-con e-child\" data-id=\"7dd9c22\" data-element_type=\"container\" data-e-type=\"container\">\n\t\t\t\t<div class=\"elementor-element elementor-element-70d7f5b elementor-widget-mobile__width-inherit elementor-widget elementor-widget-heading\" data-id=\"70d7f5b\" data-element_type=\"widget\" data-e-type=\"widget\" data-widget_type=\"heading.default\">\n\t\t\t\t\t<h4 class=\"elementor-heading-title elementor-size-default\">Gesch\u00e4ftsf\u00fchrender<\/h4>\t\t\t\t<\/div>\n\t\t\t\t<div class=\"elementor-element elementor-element-f4510e3 elementor-widget-mobile__width-inherit elementor-widget elementor-widget-heading\" data-id=\"f4510e3\" data-element_type=\"widget\" data-e-type=\"widget\" data-widget_type=\"heading.default\">\n\t\t\t\t\t<h4 class=\"elementor-heading-title elementor-size-default\">Gesellschafter, CEO<\/h4>\t\t\t\t<\/div>\n\t\t\t\t<\/div>\n\t\t<div class=\"elementor-element elementor-element-359626a e-con-full e-flex e-con e-child\" data-id=\"359626a\" data-element_type=\"container\" data-e-type=\"container\">\n\t\t\t\t<div class=\"elementor-element elementor-element-c6c742d elementor-widget elementor-widget-image\" data-id=\"c6c742d\" data-element_type=\"widget\" data-e-type=\"widget\" data-widget_type=\"image.default\">\n\t\t\t\t\t\t\t\t\t\t\t\t\t\t\t<img loading=\"lazy\" decoding=\"async\" width=\"625\" height=\"527\" src=\"https:\/\/www.deepbluegrowth.com\/wp-content\/uploads\/2026\/01\/mind8-logo.webp\" class=\"attachment-full size-full wp-image-9183\" alt=\"\" srcset=\"https:\/\/www.deepbluegrowth.com\/wp-content\/uploads\/2026\/01\/mind8-logo.webp 625w, https:\/\/www.deepbluegrowth.com\/wp-content\/uploads\/2026\/01\/mind8-logo-300x253.webp 300w, https:\/\/www.deepbluegrowth.com\/wp-content\/uploads\/2026\/01\/mind8-logo-14x12.webp 14w\" sizes=\"(max-width: 625px) 100vw, 625px\" \/>\t\t\t\t\t\t\t\t\t\t\t\t\t\t\t<\/div>\n\t\t\t\t<\/div>\n\t\t\t\t<\/div>\n\t\t\t\t<div class=\"elementor-element elementor-element-db5f482 elementor-widget__width-inherit elementor-widget-tablet__width-inherit elementor-widget-mobile__width-inherit elementor-widget elementor-widget-image\" data-id=\"db5f482\" data-element_type=\"widget\" data-e-type=\"widget\" data-widget_type=\"image.default\">\n\t\t\t\t\t\t\t\t\t\t\t\t\t\t\t<img loading=\"lazy\" decoding=\"async\" width=\"930\" height=\"867\" src=\"https:\/\/www.deepbluegrowth.com\/wp-content\/uploads\/2026\/01\/Matthias-Images.webp\" class=\"attachment-full size-full wp-image-9176\" alt=\"\" srcset=\"https:\/\/www.deepbluegrowth.com\/wp-content\/uploads\/2026\/01\/Matthias-Images.webp 930w, https:\/\/www.deepbluegrowth.com\/wp-content\/uploads\/2026\/01\/Matthias-Images-300x280.webp 300w, https:\/\/www.deepbluegrowth.com\/wp-content\/uploads\/2026\/01\/Matthias-Images-768x716.webp 768w, https:\/\/www.deepbluegrowth.com\/wp-content\/uploads\/2026\/01\/Matthias-Images-13x12.webp 13w\" sizes=\"(max-width: 930px) 100vw, 930px\" \/>\t\t\t\t\t\t\t\t\t\t\t\t\t\t\t<\/div>\n\t\t\t\t<\/div>\n\t\t<div class=\"elementor-element elementor-element-b335294 e-con-full e-flex e-con e-child\" data-id=\"b335294\" data-element_type=\"container\" data-e-type=\"container\">\n\t\t\t\t<div class=\"elementor-element elementor-element-f37583b elementor-widget__width-initial elementor-view-default elementor-widget elementor-widget-icon\" data-id=\"f37583b\" data-element_type=\"widget\" data-e-type=\"widget\" data-widget_type=\"icon.default\">\n\t\t\t\t\t\t\t<div class=\"elementor-icon-wrapper\">\n\t\t\t<div class=\"elementor-icon\">\n\t\t\t<i aria-hidden=\"true\" class=\"icomoon icomoon-quotes-right\"><\/i>\t\t\t<\/div>\n\t\t<\/div>\n\t\t\t\t\t\t<\/div>\n\t\t\t\t<div class=\"elementor-element elementor-element-e248fac elementor-widget__width-initial elementor-widget elementor-widget-text-editor\" data-id=\"e248fac\" data-element_type=\"widget\" data-e-type=\"widget\" data-widget_type=\"text-editor.default\">\n\t\t\t\t\t\t\t\t\t<p>Wir haben mit Deep Blue Growth unsere erste Marketing-Strategie erarbeitet. Sowohl den Prozess als auch die Inhalte und das Team fanden wir gro\u00dfartig. Sie verhalfen uns zu vielen wichtigen Insights und im Ergebnis hatten wir eine konkrete und umsetzbare Roadmap. Ich kann Moritz und das Deep Blue Growth Team sehr empfehlen!<\/p>\t\t\t\t\t\t\t\t<\/div>\n\t\t\t\t<div class=\"elementor-element elementor-element-d742edd elementor-widget__width-initial elementor-view-default elementor-widget elementor-widget-icon\" data-id=\"d742edd\" data-element_type=\"widget\" data-e-type=\"widget\" data-widget_type=\"icon.default\">\n\t\t\t\t\t\t\t<div class=\"elementor-icon-wrapper\">\n\t\t\t<div class=\"elementor-icon\">\n\t\t\t<i aria-hidden=\"true\" class=\"icomoon icomoon-quotes-right\"><\/i>\t\t\t<\/div>\n\t\t<\/div>\n\t\t\t\t\t\t<\/div>\n\t\t\t\t<\/div>\n\t\t\t\t\t<\/div>\n\t\t\t\t<\/div>\n\t\t\t\t<\/div>","protected":false},"excerpt":{"rendered":"<p>SUCCESS STORIES Get Inspired by how companies grow their brand with us, win more qualified leads and customers, and reach their marketing and business goals faster. Request Support Book Meeting Marketing and selling 1,000+ tickets for Europe\u2019s #1 raw materials event: The EIT RawMaterials Summit 2025 The EIT RawMaterials Summit 2025 not only broke all [&hellip;]<\/p>\n","protected":false},"author":12,"featured_media":0,"parent":0,"menu_order":0,"comment_status":"closed","ping_status":"closed","template":"","meta":{"footnotes":""},"class_list":["post-8982","page","type-page","status-publish","hentry"],"_links":{"self":[{"href":"https:\/\/www.deepbluegrowth.com\/de\/wp-json\/wp\/v2\/pages\/8982","targetHints":{"allow":["GET"]}}],"collection":[{"href":"https:\/\/www.deepbluegrowth.com\/de\/wp-json\/wp\/v2\/pages"}],"about":[{"href":"https:\/\/www.deepbluegrowth.com\/de\/wp-json\/wp\/v2\/types\/page"}],"author":[{"embeddable":true,"href":"https:\/\/www.deepbluegrowth.com\/de\/wp-json\/wp\/v2\/users\/12"}],"replies":[{"embeddable":true,"href":"https:\/\/www.deepbluegrowth.com\/de\/wp-json\/wp\/v2\/comments?post=8982"}],"version-history":[{"count":0,"href":"https:\/\/www.deepbluegrowth.com\/de\/wp-json\/wp\/v2\/pages\/8982\/revisions"}],"wp:attachment":[{"href":"https:\/\/www.deepbluegrowth.com\/de\/wp-json\/wp\/v2\/media?parent=8982"}],"curies":[{"name":"wp","href":"https:\/\/api.w.org\/{rel}","templated":true}]}}