{"id":9202,"date":"2026-01-29T03:17:50","date_gmt":"2026-01-29T03:17:50","guid":{"rendered":"https:\/\/www.deepbluegrowth.com\/?page_id=9202"},"modified":"2026-02-13T02:07:48","modified_gmt":"2026-02-13T02:07:48","slug":"eit-rawmaterials","status":"publish","type":"page","link":"https:\/\/www.deepbluegrowth.com\/de\/eit-rawmaterials\/","title":{"rendered":"EIT RawMaterials"},"content":{"rendered":"<div data-elementor-type=\"wp-page\" data-elementor-id=\"9202\" class=\"elementor elementor-9202\" data-elementor-post-type=\"page\">\n\t\t\t\t<div class=\"elementor-element elementor-element-13b3b59 e-flex e-con-boxed e-con e-parent\" data-id=\"13b3b59\" data-element_type=\"container\" data-e-type=\"container\" data-settings=\"{&quot;background_background&quot;:&quot;video&quot;,&quot;background_video_link&quot;:&quot;https:\\\/\\\/www.deepbluegrowth.com\\\/wp-content\\\/uploads\\\/2026\\\/01\\\/Summit-2025-Highlight-video-with-light-overlay.mp4&quot;,&quot;background_play_on_mobile&quot;:&quot;yes&quot;,&quot;background_privacy_mode&quot;:&quot;yes&quot;}\">\n\t\t\t\t\t<div class=\"e-con-inner\">\n\t\t<div class=\"elementor-background-video-container\">\n\t\t\t\t\t\t\t<video class=\"elementor-background-video-hosted\" role=\"presentation\" autoplay muted playsinline loop><\/video>\n\t\t\t\t\t<\/div>\t\t<div class=\"elementor-element elementor-element-b6bbc55 elementor-widget__width-initial elementor-widget-tablet__width-initial elementor-widget-mobile__width-inherit elementor-widget elementor-widget-heading\" data-id=\"b6bbc55\" data-element_type=\"widget\" data-e-type=\"widget\" data-widget_type=\"heading.default\">\n\t\t\t\t\t<h1 class=\"elementor-heading-title elementor-size-default\">Vermarktung und Verkauf von 1.000+ Tickets f\u00fcr das #1\nRohstoff-Event Europas: Der EIT RawMaterials\nSummit 2025<\/h1>\t\t\t\t<\/div>\n\t\t\t\t\t<\/div>\n\t\t\t\t<\/div>\n\t\t<div class=\"elementor-element elementor-element-c4ae405 e-flex e-con-boxed e-con e-parent\" data-id=\"c4ae405\" data-element_type=\"container\" data-e-type=\"container\">\n\t\t\t\t\t<div class=\"e-con-inner\">\n\t\t\t\t<div class=\"elementor-element elementor-element-dbf3893 elementor-widget elementor-widget-heading\" data-id=\"dbf3893\" data-element_type=\"widget\" data-e-type=\"widget\" data-widget_type=\"heading.default\">\n\t\t\t\t\t<h2 class=\"elementor-heading-title elementor-size-default\">\u00dcberblick Success Story<\/h2>\t\t\t\t<\/div>\n\t\t\t\t<div class=\"elementor-element elementor-element-5e031a3 elementor-widget elementor-widget-text-editor\" data-id=\"5e031a3\" data-element_type=\"widget\" data-e-type=\"widget\" data-widget_type=\"text-editor.default\">\n\t\t\t\t\t\t\t\t\t<p>Der EIT RawMaterials Summit ist die f\u00fchrende Veranstaltung f\u00fcr den Rohstoffsektor und bringt f\u00fchrende politische\nEntscheidungstr\u00e4ger, Industrievertreter, Innovatoren, Forschende und Investoren zusammen. Als wir 2024 die Vermarktung\ndes EIT RawMaterials Summits \u00fcbernommen haben, war das Ziel klar: mehr Reichweite, mehr Teilnehmer, mehr Wirkung. Ein\nJahr sp\u00e4ter konnten wir gemeinsam mit EIT RawMaterials Geschichte schreiben. Der Summit 2025 hat nicht nur alle\nbisherigen Rekorde \u00fcbertroffen \u2013 er war restlos ausverkauft. Durch elf zielgerichtete Kampagnen \u00fcber mehrere Monate\nhinweg, verteilt auf drei Kan\u00e4le, konnten wir \u00fcber 1.000 Tickets verkaufen. Das Ergebnis: 102 % Zielerreichung bei Ticket Sales\nund Umsatz.<\/p>\t\t\t\t\t\t\t\t<\/div>\n\t\t\t\t<div class=\"elementor-element elementor-element-5b756f6 elementor-align-left elementor-widget elementor-widget-button\" data-id=\"5b756f6\" data-element_type=\"widget\" data-e-type=\"widget\" data-widget_type=\"button.default\">\n\t\t\t\t\t\t\t\t\t\t<a class=\"elementor-button elementor-button-link elementor-size-sm\" href=\"https:\/\/www.deepbluegrowth.com\/de\/contact\/\">\n\t\t\t\t\t\t<span class=\"elementor-button-content-wrapper\">\n\t\t\t\t\t\t<span class=\"elementor-button-icon\">\n\t\t\t\t<i aria-hidden=\"true\" class=\"icomoon icomoon-arrow-up-right2\"><\/i>\t\t\t<\/span>\n\t\t\t\t\t\t\t\t\t<span class=\"elementor-button-text\">Sprich mit uns \u00fcber diese Success Story<\/span>\n\t\t\t\t\t<\/span>\n\t\t\t\t\t<\/a>\n\t\t\t\t\t\t\t\t<\/div>\n\t\t\t\t\t<\/div>\n\t\t\t\t<\/div>\n\t\t<div class=\"elementor-element elementor-element-a65cb35 e-flex e-con-boxed e-con e-parent\" data-id=\"a65cb35\" data-element_type=\"container\" data-e-type=\"container\">\n\t\t\t\t\t<div class=\"e-con-inner\">\n\t\t<div class=\"elementor-element elementor-element-364073c e-con-full e-flex e-con e-child\" data-id=\"364073c\" data-element_type=\"container\" data-e-type=\"container\">\n\t\t\t\t<div class=\"elementor-element elementor-element-8e10b73 elementor-widget elementor-widget-counter\" data-id=\"8e10b73\" data-element_type=\"widget\" data-e-type=\"widget\" data-widget_type=\"counter.default\">\n\t\t\t\t\t\t\t<div class=\"elementor-counter\">\n\t\t\t\t\t\t<div class=\"elementor-counter-number-wrapper\">\n\t\t\t\t<span class=\"elementor-counter-number-prefix\"><\/span>\n\t\t\t\t<span class=\"elementor-counter-number\" data-duration=\"2000\" data-to-value=\"1000\" data-from-value=\"0\" data-delimiter=\",\">0<\/span>\n\t\t\t\t<span class=\"elementor-counter-number-suffix\">+<\/span>\n\t\t\t<\/div>\n\t\t<\/div>\n\t\t\t\t\t\t<\/div>\n\t\t\t\t<div class=\"elementor-element elementor-element-d10cb08 elementor-widget__width-initial elementor-widget-tablet__width-inherit elementor-widget elementor-widget-text-editor\" data-id=\"d10cb08\" data-element_type=\"widget\" data-e-type=\"widget\" data-widget_type=\"text-editor.default\">\n\t\t\t\t\t\t\t\t\t<p>Tickets generiert und Teilnehmer\nf\u00fcr den EIT RawMaterials\nSummit 2025<\/p>\t\t\t\t\t\t\t\t<\/div>\n\t\t\t\t<\/div>\n\t\t<div class=\"elementor-element elementor-element-ece7d09 e-con-full e-flex e-con e-child\" data-id=\"ece7d09\" data-element_type=\"container\" data-e-type=\"container\">\n\t\t\t\t<div class=\"elementor-element elementor-element-11e140d elementor-widget elementor-widget-counter\" data-id=\"11e140d\" data-element_type=\"widget\" data-e-type=\"widget\" data-widget_type=\"counter.default\">\n\t\t\t\t\t\t\t<div class=\"elementor-counter\">\n\t\t\t\t\t\t<div class=\"elementor-counter-number-wrapper\">\n\t\t\t\t<span class=\"elementor-counter-number-prefix\"><\/span>\n\t\t\t\t<span class=\"elementor-counter-number\" data-duration=\"2000\" data-to-value=\"10\" data-from-value=\"0\" data-delimiter=\",\">0<\/span>\n\t\t\t\t<span class=\"elementor-counter-number-suffix\">m+<\/span>\n\t\t\t<\/div>\n\t\t<\/div>\n\t\t\t\t\t\t<\/div>\n\t\t\t\t<div class=\"elementor-element elementor-element-3bfc391 elementor-widget__width-initial elementor-widget-tablet__width-inherit elementor-widget elementor-widget-text-editor\" data-id=\"3bfc391\" data-element_type=\"widget\" data-e-type=\"widget\" data-widget_type=\"text-editor.default\">\n\t\t\t\t\t\t\t\t\t<p>Impressionen generiert auf den\nverschiedenen digitalen Marketing-Kan\u00e4len<\/p>\t\t\t\t\t\t\t\t<\/div>\n\t\t\t\t<\/div>\n\t\t<div class=\"elementor-element elementor-element-fcc2ce1 e-con-full e-flex e-con e-child\" data-id=\"fcc2ce1\" data-element_type=\"container\" data-e-type=\"container\">\n\t\t\t\t<div class=\"elementor-element elementor-element-c99a9f9 elementor-widget elementor-widget-counter\" data-id=\"c99a9f9\" data-element_type=\"widget\" data-e-type=\"widget\" data-widget_type=\"counter.default\">\n\t\t\t\t\t\t\t<div class=\"elementor-counter\">\n\t\t\t\t\t\t<div class=\"elementor-counter-number-wrapper\">\n\t\t\t\t<span class=\"elementor-counter-number-prefix\"><\/span>\n\t\t\t\t<span class=\"elementor-counter-number\" data-duration=\"2000\" data-to-value=\"11\" data-from-value=\"0\" data-delimiter=\",\">0<\/span>\n\t\t\t\t<span class=\"elementor-counter-number-suffix\">+3<\/span>\n\t\t\t<\/div>\n\t\t<\/div>\n\t\t\t\t\t\t<\/div>\n\t\t\t\t<div class=\"elementor-element elementor-element-98ea7ed elementor-widget__width-initial elementor-widget-tablet__width-inherit elementor-widget elementor-widget-text-editor\" data-id=\"98ea7ed\" data-element_type=\"widget\" data-e-type=\"widget\" data-widget_type=\"text-editor.default\">\n\t\t\t\t\t\t\t\t\t<p>11 Kampagnen auf drei Performance-Marketing-Kan\u00e4len<\/p>\t\t\t\t\t\t\t\t<\/div>\n\t\t\t\t<\/div>\n\t\t\t\t\t<\/div>\n\t\t\t\t<\/div>\n\t\t<div class=\"elementor-element elementor-element-0d1b190 e-flex e-con-boxed e-con e-parent\" data-id=\"0d1b190\" data-element_type=\"container\" data-e-type=\"container\">\n\t\t\t\t\t<div class=\"e-con-inner\">\n\t\t<div class=\"elementor-element elementor-element-48cf86b e-con-full e-flex e-con e-child\" data-id=\"48cf86b\" data-element_type=\"container\" data-e-type=\"container\">\n\t\t\t\t<div class=\"elementor-element elementor-element-3be2863 elementor-widget elementor-widget-heading\" data-id=\"3be2863\" data-element_type=\"widget\" data-e-type=\"widget\" data-widget_type=\"heading.default\">\n\t\t\t\t\t<h2 class=\"elementor-heading-title elementor-size-default\">Herausforderung<\/h2>\t\t\t\t<\/div>\n\t\t<div class=\"elementor-element elementor-element-dd4a145 e-con-full e-flex e-con e-child\" data-id=\"dd4a145\" data-element_type=\"container\" data-e-type=\"container\">\n\t\t\t\t<div class=\"elementor-element elementor-element-b6a47f2 elementor-widget elementor-widget-heading\" data-id=\"b6a47f2\" data-element_type=\"widget\" data-e-type=\"widget\" data-widget_type=\"heading.default\">\n\t\t\t\t\t<h2 class=\"elementor-heading-title elementor-size-default\">Sichtbarkeit <span style=\"color: #2E5199\">auf EU-Level<\/span><\/h2>\t\t\t\t<\/div>\n\t\t\t\t<div class=\"elementor-element elementor-element-294ec83 elementor-widget elementor-widget-text-editor\" data-id=\"294ec83\" data-element_type=\"widget\" data-e-type=\"widget\" data-widget_type=\"text-editor.default\">\n\t\t\t\t\t\t\t\t\t<p>Der EIT RawMaterials Summit sollte neue Zielgruppen in Europa und weltweit erreichen\nund erschlie\u00dfen, darunter Executives und Manager aus der Industrie, f\u00fchrende politische\nEntscheidungstr\u00e4ger, Innovatoren, Startups, Forschende und Investoren.<\/p>\t\t\t\t\t\t\t\t<\/div>\n\t\t\t\t<div class=\"elementor-element elementor-element-9200f21 elementor-widget elementor-widget-heading\" data-id=\"9200f21\" data-element_type=\"widget\" data-e-type=\"widget\" data-widget_type=\"heading.default\">\n\t\t\t\t\t<h2 class=\"elementor-heading-title elementor-size-default\">Ganzheitliche <span style=\"color: #2E5199\">Paid-Organic-Strategie<\/span><\/h2>\t\t\t\t<\/div>\n\t\t\t\t<div class=\"elementor-element elementor-element-48b1171 elementor-widget elementor-widget-text-editor\" data-id=\"48b1171\" data-element_type=\"widget\" data-e-type=\"widget\" data-widget_type=\"text-editor.default\">\n\t\t\t\t\t\t\t\t\t<p>Eine weitere Herausforderung bestand darin, die bestehende Marke EIT RawMaterials\nSummit gezielt zu st\u00e4rken und die Wahrnehmung als f\u00fchrende Plattform f\u00fcr Innovation und\nVernetzung in der Rohstoffbranche weiter auszubauen.<\/p>\t\t\t\t\t\t\t\t<\/div>\n\t\t\t\t<div class=\"elementor-element elementor-element-5c730f3 elementor-widget elementor-widget-heading\" data-id=\"5c730f3\" data-element_type=\"widget\" data-e-type=\"widget\" data-widget_type=\"heading.default\">\n\t\t\t\t\t<h2 class=\"elementor-heading-title elementor-size-default\">Verkaufen <span style=\"color: #2E5199\">von Tickets<\/span><\/h2>\t\t\t\t<\/div>\n\t\t\t\t<div class=\"elementor-element elementor-element-6555bb4 elementor-widget elementor-widget-text-editor\" data-id=\"6555bb4\" data-element_type=\"widget\" data-e-type=\"widget\" data-widget_type=\"text-editor.default\">\n\t\t\t\t\t\t\t\t\t<p>Die Kern-Herausforderung bestand darin, aktiv Tickets zu verkaufen und eine ausverkaufte\nVeranstaltung sowie die definierten Umsatzziele zu erreichen \u2013 trotz hoher Konkurrenz im\nEventmarkt und einer sehr spezifischen, anspruchsvollen Zielgruppe.<\/p>\t\t\t\t\t\t\t\t<\/div>\n\t\t\t\t<\/div>\n\t\t\t\t<\/div>\n\t\t<div class=\"elementor-element elementor-element-b57ed06 e-con-full e-flex e-con e-child\" data-id=\"b57ed06\" data-element_type=\"container\" data-e-type=\"container\">\n\t\t\t\t<div class=\"elementor-element elementor-element-5fbc3d0 elementor-widget elementor-widget-image\" data-id=\"5fbc3d0\" data-element_type=\"widget\" data-e-type=\"widget\" data-widget_type=\"image.default\">\n\t\t\t\t\t\t\t\t\t\t\t\t\t\t\t<img fetchpriority=\"high\" decoding=\"async\" width=\"1201\" height=\"1209\" src=\"https:\/\/www.deepbluegrowth.com\/wp-content\/uploads\/2026\/01\/EIT-RawMaterials-Summit.webp\" class=\"attachment-full size-full wp-image-9250\" alt=\"\" srcset=\"https:\/\/www.deepbluegrowth.com\/wp-content\/uploads\/2026\/01\/EIT-RawMaterials-Summit.webp 1201w, https:\/\/www.deepbluegrowth.com\/wp-content\/uploads\/2026\/01\/EIT-RawMaterials-Summit-298x300.webp 298w, https:\/\/www.deepbluegrowth.com\/wp-content\/uploads\/2026\/01\/EIT-RawMaterials-Summit-1017x1024.webp 1017w, https:\/\/www.deepbluegrowth.com\/wp-content\/uploads\/2026\/01\/EIT-RawMaterials-Summit-150x150.webp 150w, https:\/\/www.deepbluegrowth.com\/wp-content\/uploads\/2026\/01\/EIT-RawMaterials-Summit-768x773.webp 768w, https:\/\/www.deepbluegrowth.com\/wp-content\/uploads\/2026\/01\/EIT-RawMaterials-Summit-12x12.webp 12w\" sizes=\"(max-width: 1201px) 100vw, 1201px\" \/>\t\t\t\t\t\t\t\t\t\t\t\t\t\t\t<\/div>\n\t\t\t\t<\/div>\n\t\t\t\t\t<\/div>\n\t\t\t\t<\/div>\n\t\t<div class=\"elementor-element elementor-element-9fdb6f5 e-flex e-con-boxed e-con e-parent\" data-id=\"9fdb6f5\" data-element_type=\"container\" data-e-type=\"container\" data-settings=\"{&quot;background_background&quot;:&quot;classic&quot;}\">\n\t\t\t\t\t<div class=\"e-con-inner\">\n\t\t<div class=\"elementor-element elementor-element-3029be9 e-con-full e-flex e-con e-child\" data-id=\"3029be9\" data-element_type=\"container\" data-e-type=\"container\">\n\t\t\t\t<div class=\"elementor-element elementor-element-1b42ff8 elementor-widget elementor-widget-heading\" data-id=\"1b42ff8\" data-element_type=\"widget\" data-e-type=\"widget\" data-widget_type=\"heading.default\">\n\t\t\t\t\t<h2 class=\"elementor-heading-title elementor-size-default\">Ansatz &amp; Arbeit<\/h2>\t\t\t\t<\/div>\n\t\t<div class=\"elementor-element elementor-element-6ec4c50 e-con-full e-flex e-con e-child\" data-id=\"6ec4c50\" data-element_type=\"container\" data-e-type=\"container\">\n\t\t\t\t<div class=\"elementor-element elementor-element-c15ad36 elementor-widget elementor-widget-heading\" data-id=\"c15ad36\" data-element_type=\"widget\" data-e-type=\"widget\" data-widget_type=\"heading.default\">\n\t\t\t\t\t<h2 class=\"elementor-heading-title elementor-size-default\">Globale Institution <span style=\"color: #FFFFFF\">auf EU-Level<\/span><\/h2>\t\t\t\t<\/div>\n\t\t\t\t<div class=\"elementor-element elementor-element-ea6327d elementor-widget elementor-widget-text-editor\" data-id=\"ea6327d\" data-element_type=\"widget\" data-e-type=\"widget\" data-widget_type=\"text-editor.default\">\n\t\t\t\t\t\t\t\t\t<p>EIT RawMaterials schafft ein kollaboratives Umfeld f\u00fcr disruptive und bahnbrechende Innovationen, indem es\nUnternehmen mit Wissenschaft, Forschung und Investoren vernetzt. Zudem investiert es in die n\u00e4chste\nGeneration von Innovatoren im Rohstoffsektor \u2013 mit Initiativen, die von der Bildung von Sch\u00fclerinnen und\nSch\u00fclern bis hin zu weiterf\u00fchrenden Qualifizierungen f\u00fcr Fachkr\u00e4fte reichen.<\/p>\t\t\t\t\t\t\t\t<\/div>\n\t\t\t\t<div class=\"elementor-element elementor-element-81b5c3b elementor-widget elementor-widget-heading\" data-id=\"81b5c3b\" data-element_type=\"widget\" data-e-type=\"widget\" data-widget_type=\"heading.default\">\n\t\t\t\t\t<h2 class=\"elementor-heading-title elementor-size-default\">Ganzheitliche <span style=\"color: #FFFFFF\">Paid-Organic-Strategie<\/span><\/h2>\t\t\t\t<\/div>\n\t\t\t\t<div class=\"elementor-element elementor-element-57c6a87 elementor-widget elementor-widget-text-editor\" data-id=\"57c6a87\" data-element_type=\"widget\" data-e-type=\"widget\" data-widget_type=\"text-editor.default\">\n\t\t\t\t\t\t\t\t\t<p>Um die ambitionierten Ziele in Bezug auf Ticketverk\u00e4ufe, Sichtbarkeit und Branding zu erreichen,\nhaben wir eine mehrstufige Marketingstrategie entwickelt und dabei unterschiedliche Inhalte,\nAnzeigenformate und Kan\u00e4le eingesetzt. Der Schl\u00fcssel zum Erfolg war, die richtigen digitalen\nMarketingkan\u00e4le zur richtigen Zeit f\u00fcr die jeweiligen Ziele zu nutzen und die Kan\u00e4le intelligent\nmiteinander zu verkn\u00fcpfen, um die Zielgruppe des Events mehrfach und an verschiedenen\nTouchpoints zu erreichen. Wir haben ein striktes monatliches Tracking von KPIs und wichtigen\nKennzahlen eingef\u00fchrt, das es uns erm\u00f6glicht hat, sowohl die Kampagnen als auch die gesamte\nMarketingstrategie kontinuierlich zu optimieren.<\/p>\t\t\t\t\t\t\t\t<\/div>\n\t\t\t\t<\/div>\n\t\t\t\t<\/div>\n\t\t<div class=\"elementor-element elementor-element-c80f007 e-con-full e-flex e-con e-child\" data-id=\"c80f007\" data-element_type=\"container\" data-e-type=\"container\">\n\t\t\t\t<div class=\"elementor-element elementor-element-943be9a elementor-widget elementor-widget-image\" data-id=\"943be9a\" data-element_type=\"widget\" data-e-type=\"widget\" data-widget_type=\"image.default\">\n\t\t\t\t\t\t\t\t\t\t\t\t\t\t\t<img decoding=\"async\" width=\"1110\" height=\"1156\" src=\"https:\/\/www.deepbluegrowth.com\/wp-content\/uploads\/2026\/01\/EIT-RawMaterials-2025.webp\" class=\"attachment-full size-full wp-image-9277\" alt=\"\" srcset=\"https:\/\/www.deepbluegrowth.com\/wp-content\/uploads\/2026\/01\/EIT-RawMaterials-2025.webp 1110w, https:\/\/www.deepbluegrowth.com\/wp-content\/uploads\/2026\/01\/EIT-RawMaterials-2025-288x300.webp 288w, https:\/\/www.deepbluegrowth.com\/wp-content\/uploads\/2026\/01\/EIT-RawMaterials-2025-983x1024.webp 983w, https:\/\/www.deepbluegrowth.com\/wp-content\/uploads\/2026\/01\/EIT-RawMaterials-2025-768x800.webp 768w, https:\/\/www.deepbluegrowth.com\/wp-content\/uploads\/2026\/01\/EIT-RawMaterials-2025-12x12.webp 12w\" sizes=\"(max-width: 1110px) 100vw, 1110px\" \/>\t\t\t\t\t\t\t\t\t\t\t\t\t\t\t<\/div>\n\t\t\t\t<\/div>\n\t\t\t\t\t<\/div>\n\t\t\t\t<\/div>\n\t\t<div class=\"elementor-element elementor-element-57bb36b e-flex e-con-boxed e-con e-parent\" data-id=\"57bb36b\" data-element_type=\"container\" data-e-type=\"container\">\n\t\t\t\t\t<div class=\"e-con-inner\">\n\t\t<div class=\"elementor-element elementor-element-de8084c e-con-full e-flex e-con e-child\" data-id=\"de8084c\" data-element_type=\"container\" data-e-type=\"container\">\n\t\t\t\t<div class=\"elementor-element elementor-element-b75c37a elementor-widget elementor-widget-heading\" data-id=\"b75c37a\" data-element_type=\"widget\" data-e-type=\"widget\" data-widget_type=\"heading.default\">\n\t\t\t\t\t<h2 class=\"elementor-heading-title elementor-size-default\">Ergebnisse<\/h2>\t\t\t\t<\/div>\n\t\t<div class=\"elementor-element elementor-element-61027f1 e-con-full e-flex e-con e-child\" data-id=\"61027f1\" data-element_type=\"container\" data-e-type=\"container\">\n\t\t\t\t<div class=\"elementor-element elementor-element-544a012 elementor-widget elementor-widget-heading\" data-id=\"544a012\" data-element_type=\"widget\" data-e-type=\"widget\" data-widget_type=\"heading.default\">\n\t\t\t\t\t<h2 class=\"elementor-heading-title elementor-size-default\">Ticket-Rekord <span style=\"color: #2E5199\">gebrochen<\/span><\/h2>\t\t\t\t<\/div>\n\t\t\t\t<div class=\"elementor-element elementor-element-5d2b9ed elementor-widget elementor-widget-text-editor\" data-id=\"5d2b9ed\" data-element_type=\"widget\" data-e-type=\"widget\" data-widget_type=\"text-editor.default\">\n\t\t\t\t\t\t\t\t\t<p>Dank eines datenbasierten Entscheidungsmodells und gezielter Kampagnen auf den passenden\nKan\u00e4len konnten \u00fcber 1.000 Tickets f\u00fcr den EIT RawMaterials Summit 2025 verkauft werden \u2013 das\nEvent war damit vollst\u00e4ndig ausverkauft. Gleichzeitig wurden wertvolle Daten gesammelt, die eine\nnoch gezieltere Optimierung zuk\u00fcnftiger Kampagnen erm\u00f6glichen.<\/p>\t\t\t\t\t\t\t\t<\/div>\n\t\t\t\t<div class=\"elementor-element elementor-element-136d95f elementor-widget elementor-widget-heading\" data-id=\"136d95f\" data-element_type=\"widget\" data-e-type=\"widget\" data-widget_type=\"heading.default\">\n\t\t\t\t\t<h2 class=\"elementor-heading-title elementor-size-default\">Mehr als 1.000 <span style=\"color: #2E5199\">Tickets &amp; Teilnehmer<\/span><\/h2>\t\t\t\t<\/div>\n\t\t\t\t<div class=\"elementor-element elementor-element-886fcfa elementor-widget elementor-widget-text-editor\" data-id=\"886fcfa\" data-element_type=\"widget\" data-e-type=\"widget\" data-widget_type=\"text-editor.default\">\n\t\t\t\t\t\t\t\t\t<p>Mit elf gezielten Kampagnen auf drei Marketing-Kan\u00e4len konnten \u00fcber 1.000 Teilnehmer f\u00fcr den\nEIT RawMaterials Summit 2026 gewonnen werden. Unter den Teilnehmenden befanden sich\nExecutives und Manager aus der Industrie, einflussreiche politische Entscheidungstr\u00e4ger,\nInnovatoren, Startups, Forschende sowie Investoren.<\/p>\t\t\t\t\t\t\t\t<\/div>\n\t\t\t\t<div class=\"elementor-element elementor-element-039fc0e elementor-widget elementor-widget-heading\" data-id=\"039fc0e\" data-element_type=\"widget\" data-e-type=\"widget\" data-widget_type=\"heading.default\">\n\t\t\t\t\t<h2 class=\"elementor-heading-title elementor-size-default\">Brand Awareness <span style=\"color: #2E5199\">gesteigert<\/span><\/h2>\t\t\t\t<\/div>\n\t\t\t\t<div class=\"elementor-element elementor-element-799bb9f elementor-widget elementor-widget-text-editor\" data-id=\"799bb9f\" data-element_type=\"widget\" data-e-type=\"widget\" data-widget_type=\"text-editor.default\">\n\t\t\t\t\t\t\t\t\t<p>Mit \u00fcber 10 Millionen Impressionen auf verschiedenen digitalen Kan\u00e4len haben wir die Brand\nAwareness f\u00fcr den EIT RawMaterials Summit deutlich gesteigert und damit eine solide Basis\nf\u00fcr die zuk\u00fcnftige Markenentwicklung geschaffen.<\/p>\t\t\t\t\t\t\t\t<\/div>\n\t\t\t\t<div class=\"elementor-element elementor-element-9fe3a53 elementor-align-left elementor-widget elementor-widget-button\" data-id=\"9fe3a53\" data-element_type=\"widget\" data-e-type=\"widget\" data-widget_type=\"button.default\">\n\t\t\t\t\t\t\t\t\t\t<a class=\"elementor-button elementor-button-link elementor-size-sm\" href=\"https:\/\/www.deepbluegrowth.com\/de\/contact\/\">\n\t\t\t\t\t\t<span class=\"elementor-button-content-wrapper\">\n\t\t\t\t\t\t<span class=\"elementor-button-icon\">\n\t\t\t\t<i aria-hidden=\"true\" class=\"icomoon icomoon-arrow-up-right2\"><\/i>\t\t\t<\/span>\n\t\t\t\t\t\t\t\t\t<span class=\"elementor-button-text\">Sprich mit uns \u00fcber diese Success Story<\/span>\n\t\t\t\t\t<\/span>\n\t\t\t\t\t<\/a>\n\t\t\t\t\t\t\t\t<\/div>\n\t\t\t\t<\/div>\n\t\t\t\t<\/div>\n\t\t<div class=\"elementor-element elementor-element-e2c1a14 e-con-full e-flex e-con e-child\" data-id=\"e2c1a14\" data-element_type=\"container\" data-e-type=\"container\">\n\t\t\t\t<div class=\"elementor-element elementor-element-c29a10d elementor-widget elementor-widget-image\" data-id=\"c29a10d\" data-element_type=\"widget\" data-e-type=\"widget\" data-widget_type=\"image.default\">\n\t\t\t\t\t\t\t\t\t\t\t\t\t\t\t<img decoding=\"async\" width=\"1218\" height=\"1302\" src=\"https:\/\/www.deepbluegrowth.com\/wp-content\/uploads\/2026\/01\/EIT-RawMaterials-Summit-Last-Image.webp\" class=\"attachment-full size-full wp-image-9762\" alt=\"\" srcset=\"https:\/\/www.deepbluegrowth.com\/wp-content\/uploads\/2026\/01\/EIT-RawMaterials-Summit-Last-Image.webp 1218w, https:\/\/www.deepbluegrowth.com\/wp-content\/uploads\/2026\/01\/EIT-RawMaterials-Summit-Last-Image-281x300.webp 281w, https:\/\/www.deepbluegrowth.com\/wp-content\/uploads\/2026\/01\/EIT-RawMaterials-Summit-Last-Image-958x1024.webp 958w, https:\/\/www.deepbluegrowth.com\/wp-content\/uploads\/2026\/01\/EIT-RawMaterials-Summit-Last-Image-768x821.webp 768w, https:\/\/www.deepbluegrowth.com\/wp-content\/uploads\/2026\/01\/EIT-RawMaterials-Summit-Last-Image-11x12.webp 11w\" sizes=\"(max-width: 1218px) 100vw, 1218px\" \/>\t\t\t\t\t\t\t\t\t\t\t\t\t\t\t<\/div>\n\t\t\t\t<\/div>\n\t\t\t\t\t<\/div>\n\t\t\t\t<\/div>\n\t\t\t\t<\/div>","protected":false},"excerpt":{"rendered":"<p>Marketing and selling 1,000+ tickets for Europe\u2019s #1 raw materials event: The EIT RawMaterials Summit 2025 Overview Success Story The EIT RawMaterials Summit is the leading event for the raw materials sector, bringing together industry executives and managers, top policymakers, innovators, startups researchers, and investors. When we took over marketing for the Summit in 2024, [&hellip;]<\/p>\n","protected":false},"author":12,"featured_media":0,"parent":0,"menu_order":0,"comment_status":"closed","ping_status":"closed","template":"","meta":{"footnotes":""},"class_list":["post-9202","page","type-page","status-publish","hentry"],"_links":{"self":[{"href":"https:\/\/www.deepbluegrowth.com\/de\/wp-json\/wp\/v2\/pages\/9202","targetHints":{"allow":["GET"]}}],"collection":[{"href":"https:\/\/www.deepbluegrowth.com\/de\/wp-json\/wp\/v2\/pages"}],"about":[{"href":"https:\/\/www.deepbluegrowth.com\/de\/wp-json\/wp\/v2\/types\/page"}],"author":[{"embeddable":true,"href":"https:\/\/www.deepbluegrowth.com\/de\/wp-json\/wp\/v2\/users\/12"}],"replies":[{"embeddable":true,"href":"https:\/\/www.deepbluegrowth.com\/de\/wp-json\/wp\/v2\/comments?post=9202"}],"version-history":[{"count":0,"href":"https:\/\/www.deepbluegrowth.com\/de\/wp-json\/wp\/v2\/pages\/9202\/revisions"}],"wp:attachment":[{"href":"https:\/\/www.deepbluegrowth.com\/de\/wp-json\/wp\/v2\/media?parent=9202"}],"curies":[{"name":"wp","href":"https:\/\/api.w.org\/{rel}","templated":true}]}}