{"id":9778,"date":"2026-01-30T02:21:49","date_gmt":"2026-01-30T02:21:49","guid":{"rendered":"https:\/\/www.deepbluegrowth.com\/?page_id=9778"},"modified":"2026-01-30T02:43:34","modified_gmt":"2026-01-30T02:43:34","slug":"mindeight","status":"publish","type":"page","link":"https:\/\/www.deepbluegrowth.com\/de\/mindeight\/","title":{"rendered":"Mindeight"},"content":{"rendered":"<div data-elementor-type=\"wp-page\" data-elementor-id=\"9778\" class=\"elementor elementor-9778\" data-elementor-post-type=\"page\">\n\t\t\t\t<div class=\"elementor-element elementor-element-86d0d5b e-flex e-con-boxed e-con e-parent\" data-id=\"86d0d5b\" data-element_type=\"container\" data-e-type=\"container\" data-settings=\"{&quot;background_background&quot;:&quot;video&quot;,&quot;background_video_link&quot;:&quot;https:\\\/\\\/www.deepbluegrowth.com\\\/wp-content\\\/uploads\\\/2026\\\/01\\\/MINDEIGHT-Success-story-video.mp4&quot;,&quot;background_play_on_mobile&quot;:&quot;yes&quot;,&quot;background_privacy_mode&quot;:&quot;yes&quot;}\">\n\t\t\t\t\t<div class=\"e-con-inner\">\n\t\t<div class=\"elementor-background-video-container\">\n\t\t\t\t\t\t\t<video class=\"elementor-background-video-hosted\" role=\"presentation\" autoplay muted playsinline loop><\/video>\n\t\t\t\t\t<\/div>\t\t<div class=\"elementor-element elementor-element-0f50df6 elementor-widget__width-initial elementor-widget-tablet__width-initial elementor-widget-mobile__width-inherit elementor-widget elementor-widget-heading\" data-id=\"0f50df6\" data-element_type=\"widget\" data-e-type=\"widget\" data-widget_type=\"heading.default\">\n\t\t\t\t\t<h1 class=\"elementor-heading-title elementor-size-default\">Wie die Unternehmensberatung MINDEIGHT mit einer neuen Marketingstrategie das Wachstum beschleunigt.<\/h1>\t\t\t\t<\/div>\n\t\t\t\t<div class=\"elementor-element elementor-element-05b2e60 elementor-widget__width-initial elementor-widget-tablet__width-initial elementor-widget-mobile__width-inherit elementor-widget elementor-widget-heading\" data-id=\"05b2e60\" data-element_type=\"widget\" data-e-type=\"widget\" data-widget_type=\"heading.default\">\n\t\t\t\t\t<h1 class=\"elementor-heading-title elementor-size-default\">25. September 2025 I Deep Blue Growth Success Story<\/h1>\t\t\t\t<\/div>\n\t\t\t\t\t<\/div>\n\t\t\t\t<\/div>\n\t\t<div class=\"elementor-element elementor-element-e677dd2 e-flex e-con-boxed e-con e-parent\" data-id=\"e677dd2\" data-element_type=\"container\" data-e-type=\"container\">\n\t\t\t\t\t<div class=\"e-con-inner\">\n\t\t\t\t<div class=\"elementor-element elementor-element-8a0e6ef elementor-widget elementor-widget-heading\" data-id=\"8a0e6ef\" data-element_type=\"widget\" data-e-type=\"widget\" data-widget_type=\"heading.default\">\n\t\t\t\t\t<h2 class=\"elementor-heading-title elementor-size-default\">\u00dcberblick Success Story<\/h2>\t\t\t\t<\/div>\n\t\t\t\t<div class=\"elementor-element elementor-element-3a685e4 elementor-widget elementor-widget-text-editor\" data-id=\"3a685e4\" data-element_type=\"widget\" data-e-type=\"widget\" data-widget_type=\"text-editor.default\">\n\t\t\t\t\t\t\t\t\t<p>MINDEIGHT ist eine erfolgreiche und ausgezeichnete strategische IT-Management- und Digitalisierungsberatung mit Sitz in\nBerlin. Das Unternehmen arbeitet mit dem gehobenen Mittelstand, dem \u00f6ffentlichen Sektor sowie internationalen\nKonzernen. Mit einem Best-Practice-Co-Creation-Ansatz haben wir in k\u00fcrzester Zeit eine passgenaue Marketingstrategie\nentwickelt, die die Besonderheiten der Branche und des Marktes ber\u00fccksichtigt. Auf Basis von vier strategischen\nEckpfeilern wurden mehr als zehn neue Marketing-Instrumente identifiziert, bewertet und nach Aufwand und Impact\npriorisiert. Zudem haben wir zwei neue Kan\u00e4le f\u00fcr die Lead-Generierung in der Neukundenakquise erschlossen und die\nEntwicklung von Bestandskunden durch gezielte Ma\u00dfnahmen gest\u00e4rkt. MINDEIGHT hat sich aufgrund der ausgewiesenen\nErfahrung von Deep Blue Growth im Beratungsumfeld f\u00fcr eine Zusammenarbeit mit uns entschieden.<\/p>\t\t\t\t\t\t\t\t<\/div>\n\t\t\t\t<div class=\"elementor-element elementor-element-c744c9c elementor-align-left elementor-widget elementor-widget-button\" data-id=\"c744c9c\" data-element_type=\"widget\" data-e-type=\"widget\" data-widget_type=\"button.default\">\n\t\t\t\t\t\t\t\t\t\t<a class=\"elementor-button elementor-button-link elementor-size-sm\" href=\"https:\/\/www.deepbluegrowth.com\/de\/contact\/\">\n\t\t\t\t\t\t<span class=\"elementor-button-content-wrapper\">\n\t\t\t\t\t\t<span class=\"elementor-button-icon\">\n\t\t\t\t<i aria-hidden=\"true\" class=\"icomoon icomoon-arrow-up-right2\"><\/i>\t\t\t<\/span>\n\t\t\t\t\t\t\t\t\t<span class=\"elementor-button-text\">Sprich mit uns \u00fcber diese Success Story<\/span>\n\t\t\t\t\t<\/span>\n\t\t\t\t\t<\/a>\n\t\t\t\t\t\t\t\t<\/div>\n\t\t\t\t\t<\/div>\n\t\t\t\t<\/div>\n\t\t<div class=\"elementor-element elementor-element-0d0f58f e-flex e-con-boxed e-con e-parent\" data-id=\"0d0f58f\" data-element_type=\"container\" data-e-type=\"container\">\n\t\t\t\t\t<div class=\"e-con-inner\">\n\t\t<div class=\"elementor-element elementor-element-12f6159 e-con-full e-flex e-con e-child\" data-id=\"12f6159\" data-element_type=\"container\" data-e-type=\"container\">\n\t\t\t\t<div class=\"elementor-element elementor-element-0ae3181 elementor-widget elementor-widget-counter\" data-id=\"0ae3181\" data-element_type=\"widget\" data-e-type=\"widget\" data-widget_type=\"counter.default\">\n\t\t\t\t\t\t\t<div class=\"elementor-counter\">\n\t\t\t\t\t\t<div class=\"elementor-counter-number-wrapper\">\n\t\t\t\t<span class=\"elementor-counter-number-prefix\">\u20ac<\/span>\n\t\t\t\t<span class=\"elementor-counter-number\" data-duration=\"2000\" data-to-value=\"200\" data-from-value=\"0\" data-delimiter=\",\">0<\/span>\n\t\t\t\t<span class=\"elementor-counter-number-suffix\"><\/span>\n\t\t\t<\/div>\n\t\t<\/div>\n\t\t\t\t\t\t<\/div>\n\t\t\t\t<div class=\"elementor-element elementor-element-d49d3cc elementor-widget__width-initial elementor-widget-tablet__width-inherit elementor-widget elementor-widget-text-editor\" data-id=\"d49d3cc\" data-element_type=\"widget\" data-e-type=\"widget\" data-widget_type=\"text-editor.default\">\n\t\t\t\t\t\t\t\t\t<p>Cost per Lead (CPL) geplant und\nzwei neue Lead Gen Kan\u00e4le\nidentifiziert<\/p>\t\t\t\t\t\t\t\t<\/div>\n\t\t\t\t<\/div>\n\t\t<div class=\"elementor-element elementor-element-ac4b3bd e-con-full e-flex e-con e-child\" data-id=\"ac4b3bd\" data-element_type=\"container\" data-e-type=\"container\">\n\t\t\t\t<div class=\"elementor-element elementor-element-20e3da2 elementor-widget elementor-widget-counter\" data-id=\"20e3da2\" data-element_type=\"widget\" data-e-type=\"widget\" data-widget_type=\"counter.default\">\n\t\t\t\t\t\t\t<div class=\"elementor-counter\">\n\t\t\t\t\t\t<div class=\"elementor-counter-number-wrapper\">\n\t\t\t\t<span class=\"elementor-counter-number-prefix\">+<\/span>\n\t\t\t\t<span class=\"elementor-counter-number\" data-duration=\"2000\" data-to-value=\"10\" data-from-value=\"0\" data-delimiter=\",\">0<\/span>\n\t\t\t\t<span class=\"elementor-counter-number-suffix\"><\/span>\n\t\t\t<\/div>\n\t\t<\/div>\n\t\t\t\t\t\t<\/div>\n\t\t\t\t<div class=\"elementor-element elementor-element-2153fd5 elementor-widget__width-initial elementor-widget-tablet__width-inherit elementor-widget elementor-widget-text-editor\" data-id=\"2153fd5\" data-element_type=\"widget\" data-e-type=\"widget\" data-widget_type=\"text-editor.default\">\n\t\t\t\t\t\t\t\t\t<p>neue Marketing-Instrumente auf\nverschiedenen Kan\u00e4len identifiziert\nund nach Aufwand und Impact\npriorisiert<\/p>\t\t\t\t\t\t\t\t<\/div>\n\t\t\t\t<\/div>\n\t\t<div class=\"elementor-element elementor-element-980879a e-con-full e-flex e-con e-child\" data-id=\"980879a\" data-element_type=\"container\" data-e-type=\"container\">\n\t\t\t\t<div class=\"elementor-element elementor-element-7388660 elementor-widget elementor-widget-counter\" data-id=\"7388660\" data-element_type=\"widget\" data-e-type=\"widget\" data-widget_type=\"counter.default\">\n\t\t\t\t\t\t\t<div class=\"elementor-counter\">\n\t\t\t\t\t\t<div class=\"elementor-counter-number-wrapper\">\n\t\t\t\t<span class=\"elementor-counter-number-prefix\"><\/span>\n\t\t\t\t<span class=\"elementor-counter-number\" data-duration=\"2000\" data-to-value=\"4\" data-from-value=\"0\" data-delimiter=\",\">0<\/span>\n\t\t\t\t<span class=\"elementor-counter-number-suffix\"><\/span>\n\t\t\t<\/div>\n\t\t<\/div>\n\t\t\t\t\t\t<\/div>\n\t\t\t\t<div class=\"elementor-element elementor-element-9f2de5a elementor-widget__width-initial elementor-widget-tablet__width-inherit elementor-widget elementor-widget-text-editor\" data-id=\"9f2de5a\" data-element_type=\"widget\" data-e-type=\"widget\" data-widget_type=\"text-editor.default\">\n\t\t\t\t\t\t\t\t\t<p>trategische Eckpfeiler entwickelt,\ndie Neukundenakquise und\nBestandskundenentwicklung\nbeschleunigen<\/p>\t\t\t\t\t\t\t\t<\/div>\n\t\t\t\t<\/div>\n\t\t\t\t\t<\/div>\n\t\t\t\t<\/div>\n\t\t<div class=\"elementor-element elementor-element-2d8de49 e-flex e-con-boxed e-con e-parent\" data-id=\"2d8de49\" data-element_type=\"container\" data-e-type=\"container\">\n\t\t\t\t\t<div class=\"e-con-inner\">\n\t\t<div class=\"elementor-element elementor-element-df0a8f9 e-con-full e-flex e-con e-child\" data-id=\"df0a8f9\" data-element_type=\"container\" data-e-type=\"container\">\n\t\t\t\t<div class=\"elementor-element elementor-element-dd51f12 elementor-widget elementor-widget-heading\" data-id=\"dd51f12\" data-element_type=\"widget\" data-e-type=\"widget\" data-widget_type=\"heading.default\">\n\t\t\t\t\t<h2 class=\"elementor-heading-title elementor-size-default\">Herausforderung<\/h2>\t\t\t\t<\/div>\n\t\t<div class=\"elementor-element elementor-element-0ca17de e-con-full e-flex e-con e-child\" data-id=\"0ca17de\" data-element_type=\"container\" data-e-type=\"container\">\n\t\t\t\t<div class=\"elementor-element elementor-element-9651c0d elementor-widget elementor-widget-heading\" data-id=\"9651c0d\" data-element_type=\"widget\" data-e-type=\"widget\" data-widget_type=\"heading.default\">\n\t\t\t\t\t<h2 class=\"elementor-heading-title elementor-size-default\">Akquise von <span style=\"color: #2E5199\">neuen Kunden<\/span><\/h2>\t\t\t\t<\/div>\n\t\t\t\t<div class=\"elementor-element elementor-element-cc84ad8 elementor-widget elementor-widget-text-editor\" data-id=\"cc84ad8\" data-element_type=\"widget\" data-e-type=\"widget\" data-widget_type=\"text-editor.default\">\n\t\t\t\t\t\t\t\t\t<p>Um das Wachstum zu beschleunigen, wollte MINDEIGHT gemeinsam mit Deep Blue Growth eine\nMarketingstrategie entwickeln, die gezielt die Akquise neuer Kunden vorantreibt. Da die\nUnternehmensberatungsbranche stark von Vertrauen und pers\u00f6nlichen Beziehungen lebt, haben\nwir drei Lead-Generation-Kan\u00e4le identifiziert, die genau auf diese Besonderheiten einzahlen.<\/p>\t\t\t\t\t\t\t\t<\/div>\n\t\t\t\t<div class=\"elementor-element elementor-element-7c8bacb elementor-widget elementor-widget-heading\" data-id=\"7c8bacb\" data-element_type=\"widget\" data-e-type=\"widget\" data-widget_type=\"heading.default\">\n\t\t\t\t\t<h2 class=\"elementor-heading-title elementor-size-default\">Entwicklung von <span style=\"color: #2E5199\">Bestandskunden<\/span><\/h2>\t\t\t\t<\/div>\n\t\t\t\t<div class=\"elementor-element elementor-element-82865c4 elementor-widget elementor-widget-text-editor\" data-id=\"82865c4\" data-element_type=\"widget\" data-e-type=\"widget\" data-widget_type=\"text-editor.default\">\n\t\t\t\t\t\t\t\t\t<p>Unternehmensberatungen agieren weniger als Hunter, sondern vielmehr als Farmer \u2013 daher\nist die Entwicklung des Bestandskundengesch\u00e4fts besonders wichtig. Um zus\u00e4tzliche\nProjekte und Ums\u00e4tze mit bestehenden Kunden zu realisieren, haben wir eine Reihe gezielter\nFormate und Kampagnen entwickelt.<\/p>\t\t\t\t\t\t\t\t<\/div>\n\t\t\t\t<div class=\"elementor-element elementor-element-e5ddbe3 elementor-widget elementor-widget-heading\" data-id=\"e5ddbe3\" data-element_type=\"widget\" data-e-type=\"widget\" data-widget_type=\"heading.default\">\n\t\t\t\t\t<h2 class=\"elementor-heading-title elementor-size-default\">Einfach <span style=\"color: #2E5199\">umsetzbar mit gutem ROI<\/span><\/h2>\t\t\t\t<\/div>\n\t\t\t\t<div class=\"elementor-element elementor-element-35fba3b elementor-widget elementor-widget-text-editor\" data-id=\"35fba3b\" data-element_type=\"widget\" data-e-type=\"widget\" data-widget_type=\"text-editor.default\">\n\t\t\t\t\t\t\t\t\t<p>F\u00fcr die Ausarbeitung der passenden Marketingstrategie war entscheidend, dass sie einfach\nimplementierbar ist und einen klar messbaren Return on Investment (ROI) liefert. Alle\nEckpfeiler und Ma\u00dfnahmen wurden hinsichtlich Aufwand (interne und externe Kosten\ninklusive Werbebudget, Dauer) und Wirkung (Awareness, Lead-Generierung, MQLs, SQLs,\nDeals, Umsatz) bewertet und ausgew\u00e4hlt.<\/p>\t\t\t\t\t\t\t\t<\/div>\n\t\t\t\t<\/div>\n\t\t\t\t<\/div>\n\t\t<div class=\"elementor-element elementor-element-e199eeb e-con-full e-flex e-con e-child\" data-id=\"e199eeb\" data-element_type=\"container\" data-e-type=\"container\">\n\t\t\t\t<div class=\"elementor-element elementor-element-512a0ac elementor-widget elementor-widget-image\" data-id=\"512a0ac\" data-element_type=\"widget\" data-e-type=\"widget\" data-widget_type=\"image.default\">\n\t\t\t\t\t\t\t\t\t\t\t\t\t\t\t<img fetchpriority=\"high\" decoding=\"async\" width=\"1080\" height=\"1081\" src=\"https:\/\/www.deepbluegrowth.com\/wp-content\/uploads\/2026\/01\/Mind8-image-1.webp\" class=\"attachment-full size-full wp-image-9806\" alt=\"\" srcset=\"https:\/\/www.deepbluegrowth.com\/wp-content\/uploads\/2026\/01\/Mind8-image-1.webp 1080w, https:\/\/www.deepbluegrowth.com\/wp-content\/uploads\/2026\/01\/Mind8-image-1-300x300.webp 300w, https:\/\/www.deepbluegrowth.com\/wp-content\/uploads\/2026\/01\/Mind8-image-1-1024x1024.webp 1024w, https:\/\/www.deepbluegrowth.com\/wp-content\/uploads\/2026\/01\/Mind8-image-1-150x150.webp 150w, https:\/\/www.deepbluegrowth.com\/wp-content\/uploads\/2026\/01\/Mind8-image-1-768x769.webp 768w, https:\/\/www.deepbluegrowth.com\/wp-content\/uploads\/2026\/01\/Mind8-image-1-12x12.webp 12w\" sizes=\"(max-width: 1080px) 100vw, 1080px\" \/>\t\t\t\t\t\t\t\t\t\t\t\t\t\t\t<\/div>\n\t\t\t\t<\/div>\n\t\t\t\t\t<\/div>\n\t\t\t\t<\/div>\n\t\t<div class=\"elementor-element elementor-element-a2e7d61 e-flex e-con-boxed e-con e-parent\" data-id=\"a2e7d61\" data-element_type=\"container\" data-e-type=\"container\" data-settings=\"{&quot;background_background&quot;:&quot;classic&quot;}\">\n\t\t\t\t\t<div class=\"e-con-inner\">\n\t\t<div class=\"elementor-element elementor-element-db0343c e-con-full e-flex e-con e-child\" data-id=\"db0343c\" data-element_type=\"container\" data-e-type=\"container\">\n\t\t\t\t<div class=\"elementor-element elementor-element-5bc0492 elementor-widget elementor-widget-heading\" data-id=\"5bc0492\" data-element_type=\"widget\" data-e-type=\"widget\" data-widget_type=\"heading.default\">\n\t\t\t\t\t<h2 class=\"elementor-heading-title elementor-size-default\">Ansatz &amp; Arbeit<\/h2>\t\t\t\t<\/div>\n\t\t<div class=\"elementor-element elementor-element-f939bc8 e-con-full e-flex e-con e-child\" data-id=\"f939bc8\" data-element_type=\"container\" data-e-type=\"container\">\n\t\t\t\t<div class=\"elementor-element elementor-element-967b7be elementor-widget elementor-widget-heading\" data-id=\"967b7be\" data-element_type=\"widget\" data-e-type=\"widget\" data-widget_type=\"heading.default\">\n\t\t\t\t\t<h2 class=\"elementor-heading-title elementor-size-default\">Unternehmensberatung <span style=\"color: #FFFFFF\">aus Berlin<\/span><\/h2>\t\t\t\t<\/div>\n\t\t\t\t<div class=\"elementor-element elementor-element-8c2afe5 elementor-widget elementor-widget-text-editor\" data-id=\"8c2afe5\" data-element_type=\"widget\" data-e-type=\"widget\" data-widget_type=\"text-editor.default\">\n\t\t\t\t\t\t\t\t\t<p>MINDEIGHT z\u00e4hlt zu den erfolgreichsten Neugr\u00fcndungen im deutschen Markt f\u00fcr strategische IT-Managementund Digitalisierungsberatung. Als \u201cBeratungsunternehmer\u201c unterst\u00fctzen sie aktuell \u00fcber 187 Klienten in mehr\nals 440 Projekten bei der Optimierung ihrer IT. Als nachhaltiger Partner und Trusted Advisor sind sie eine\nverl\u00e4ssliche Gr\u00f6\u00dfe f\u00fcr IT-Entscheider aus dem gehobenen Mittelstand, dem \u00f6ffentlichen Sektor und\ninternationalen Konzernen<\/p>\t\t\t\t\t\t\t\t<\/div>\n\t\t\t\t<div class=\"elementor-element elementor-element-2affd7d elementor-widget elementor-widget-heading\" data-id=\"2affd7d\" data-element_type=\"widget\" data-e-type=\"widget\" data-widget_type=\"heading.default\">\n\t\t\t\t\t<h2 class=\"elementor-heading-title elementor-size-default\">Best-Practice <span style=\"color: #FFFFFF\">-Co-Creation-Ansatz<\/span><\/h2>\t\t\t\t<\/div>\n\t\t\t\t<div class=\"elementor-element elementor-element-2656963 elementor-widget elementor-widget-text-editor\" data-id=\"2656963\" data-element_type=\"widget\" data-e-type=\"widget\" data-widget_type=\"text-editor.default\">\n\t\t\t\t\t\t\t\t\t<p>Um in kurzer Zeit eine wirkungsvolle Marketingstrategie zu entwickeln, haben wir einen Ansatz gew\u00e4hlt, der\neinerseits auf Best Practices aufbaut, andererseits aber einen hohen Individualisierungsgrad erm\u00f6glicht. F\u00fcr\ndieses Projekt haben wir einen umfangreichen Baukasten erprobter Instrumente eingebracht, diese entlang\nder Ziele und Priorit\u00e4ten unseres Kunden priorisiert und daraus sowohl die Marketingstrategie als auch einen\ndetaillierten Implementierungsplan abgeleitet.<\/p>\t\t\t\t\t\t\t\t<\/div>\n\t\t\t\t<\/div>\n\t\t\t\t<\/div>\n\t\t<div class=\"elementor-element elementor-element-0a6ff8a e-con-full e-flex e-con e-child\" data-id=\"0a6ff8a\" data-element_type=\"container\" data-e-type=\"container\">\n\t\t\t\t<div class=\"elementor-element elementor-element-34eacaa elementor-widget elementor-widget-image\" data-id=\"34eacaa\" data-element_type=\"widget\" data-e-type=\"widget\" data-widget_type=\"image.default\">\n\t\t\t\t\t\t\t\t\t\t\t\t\t\t\t<img decoding=\"async\" width=\"1080\" height=\"1081\" src=\"https:\/\/www.deepbluegrowth.com\/wp-content\/uploads\/2026\/01\/Mind8-image-2.webp\" class=\"attachment-full size-full wp-image-9816\" alt=\"\" srcset=\"https:\/\/www.deepbluegrowth.com\/wp-content\/uploads\/2026\/01\/Mind8-image-2.webp 1080w, https:\/\/www.deepbluegrowth.com\/wp-content\/uploads\/2026\/01\/Mind8-image-2-300x300.webp 300w, https:\/\/www.deepbluegrowth.com\/wp-content\/uploads\/2026\/01\/Mind8-image-2-1024x1024.webp 1024w, https:\/\/www.deepbluegrowth.com\/wp-content\/uploads\/2026\/01\/Mind8-image-2-150x150.webp 150w, https:\/\/www.deepbluegrowth.com\/wp-content\/uploads\/2026\/01\/Mind8-image-2-768x769.webp 768w, https:\/\/www.deepbluegrowth.com\/wp-content\/uploads\/2026\/01\/Mind8-image-2-12x12.webp 12w\" sizes=\"(max-width: 1080px) 100vw, 1080px\" \/>\t\t\t\t\t\t\t\t\t\t\t\t\t\t\t<\/div>\n\t\t\t\t<\/div>\n\t\t\t\t\t<\/div>\n\t\t\t\t<\/div>\n\t\t<div class=\"elementor-element elementor-element-565baaa e-flex e-con-boxed e-con e-parent\" data-id=\"565baaa\" data-element_type=\"container\" data-e-type=\"container\">\n\t\t\t\t\t<div class=\"e-con-inner\">\n\t\t<div class=\"elementor-element elementor-element-135c289 e-con-full e-flex e-con e-child\" data-id=\"135c289\" data-element_type=\"container\" data-e-type=\"container\">\n\t\t\t\t<div class=\"elementor-element elementor-element-482d3cd elementor-widget elementor-widget-heading\" data-id=\"482d3cd\" data-element_type=\"widget\" data-e-type=\"widget\" data-widget_type=\"heading.default\">\n\t\t\t\t\t<h2 class=\"elementor-heading-title elementor-size-default\">Ergebnisse<\/h2>\t\t\t\t<\/div>\n\t\t<div class=\"elementor-element elementor-element-6ae9727 e-con-full e-flex e-con e-child\" data-id=\"6ae9727\" data-element_type=\"container\" data-e-type=\"container\">\n\t\t\t\t<div class=\"elementor-element elementor-element-135c2fd elementor-widget elementor-widget-heading\" data-id=\"135c2fd\" data-element_type=\"widget\" data-e-type=\"widget\" data-widget_type=\"heading.default\">\n\t\t\t\t\t<h2 class=\"elementor-heading-title elementor-size-default\">4 strategische <span style=\"color: #2E5199\">Eckpfeiler<\/span><\/h2>\t\t\t\t<\/div>\n\t\t\t\t<div class=\"elementor-element elementor-element-709040b elementor-widget elementor-widget-text-editor\" data-id=\"709040b\" data-element_type=\"widget\" data-e-type=\"widget\" data-widget_type=\"text-editor.default\">\n\t\t\t\t\t\t\t\t\t<p>Gemeinsam mit dem Team haben wir vier strategische Eckpfeiler entwickelt, die auf Thought\nLeadership und Vertrauen setzen, gezielt Awareness im Zielmarkt schaffen und gleichzeitig\nkosteneffizient Leads generieren. Da in der Unternehmensberatung Kundenbindung und -\nentwicklung entscheidend sind, ber\u00fccksichtigen die Eckpfeiler auch diesen Aspekt gezielt.<\/p>\t\t\t\t\t\t\t\t<\/div>\n\t\t\t\t<div class=\"elementor-element elementor-element-5a400e0 elementor-widget elementor-widget-heading\" data-id=\"5a400e0\" data-element_type=\"widget\" data-e-type=\"widget\" data-widget_type=\"heading.default\">\n\t\t\t\t\t<h2 class=\"elementor-heading-title elementor-size-default\">Mehr als 10 <span style=\"color: #2E5199\">Marketing-Instrumente<\/span><\/h2>\t\t\t\t<\/div>\n\t\t\t\t<div class=\"elementor-element elementor-element-0e21914 elementor-widget elementor-widget-text-editor\" data-id=\"0e21914\" data-element_type=\"widget\" data-e-type=\"widget\" data-widget_type=\"text-editor.default\">\n\t\t\t\t\t\t\t\t\t<p>Aus unserem Best-Practice-Baukasten haben wir \u00fcber zehn Marketing-Instrumente ausgew\u00e4hlt\nund gemeinsam mit dem Team nach Aufwand (Komplexit\u00e4t, Kosten, Dauer) sowie Impact (Leadund Umsatzpotenzial) priorisiert. Auf dieser Basis haben wir einen Umsetzungsplan entwickelt,\nder sowohl organische Ma\u00dfnahmen als auch Paid-Performance-Marketing integriert.<\/p>\t\t\t\t\t\t\t\t<\/div>\n\t\t\t\t<div class=\"elementor-element elementor-element-70b69b8 elementor-widget elementor-widget-heading\" data-id=\"70b69b8\" data-element_type=\"widget\" data-e-type=\"widget\" data-widget_type=\"heading.default\">\n\t\t\t\t\t<h2 class=\"elementor-heading-title elementor-size-default\">\u20ac200 <span style=\"color: #2E5199\">Cost per Lead<\/span><\/h2>\t\t\t\t<\/div>\n\t\t\t\t<div class=\"elementor-element elementor-element-a1d2338 elementor-widget elementor-widget-text-editor\" data-id=\"a1d2338\" data-element_type=\"widget\" data-e-type=\"widget\" data-widget_type=\"text-editor.default\">\n\t\t\t\t\t\t\t\t\t<p>Wir haben insgesamt drei geeignete Lead-Generierungskan\u00e4le f\u00fcr die Unternehmensberatung\nMINDEIGHT identifiziert und dazu entsprechende Kampagnen- sowie Lead-Simulationen\nentwickelt. \u00dcber alle Kan\u00e4le hinweg planen wir mit einem wettbewerbsf\u00e4higen Cost per Lead\nvon rund 200 \u20ac<\/p>\t\t\t\t\t\t\t\t<\/div>\n\t\t\t\t<div class=\"elementor-element elementor-element-88a598d elementor-align-left elementor-widget elementor-widget-button\" data-id=\"88a598d\" data-element_type=\"widget\" data-e-type=\"widget\" data-widget_type=\"button.default\">\n\t\t\t\t\t\t\t\t\t\t<a class=\"elementor-button elementor-button-link elementor-size-sm\" href=\"https:\/\/www.deepbluegrowth.com\/de\/contact\/\">\n\t\t\t\t\t\t<span class=\"elementor-button-content-wrapper\">\n\t\t\t\t\t\t<span class=\"elementor-button-icon\">\n\t\t\t\t<i aria-hidden=\"true\" class=\"icomoon icomoon-arrow-up-right2\"><\/i>\t\t\t<\/span>\n\t\t\t\t\t\t\t\t\t<span class=\"elementor-button-text\">Sprich mit uns \u00fcber diese Success Story<\/span>\n\t\t\t\t\t<\/span>\n\t\t\t\t\t<\/a>\n\t\t\t\t\t\t\t\t<\/div>\n\t\t\t\t<\/div>\n\t\t\t\t<\/div>\n\t\t<div class=\"elementor-element elementor-element-26c8db8 e-con-full e-flex e-con e-child\" data-id=\"26c8db8\" data-element_type=\"container\" data-e-type=\"container\">\n\t\t\t\t<div class=\"elementor-element elementor-element-f19d249 elementor-widget elementor-widget-image\" data-id=\"f19d249\" data-element_type=\"widget\" data-e-type=\"widget\" data-widget_type=\"image.default\">\n\t\t\t\t\t\t\t\t\t\t\t\t\t\t\t<img decoding=\"async\" width=\"1080\" height=\"1081\" src=\"https:\/\/www.deepbluegrowth.com\/wp-content\/uploads\/2026\/01\/Mind8-image-3.webp\" class=\"attachment-full size-full wp-image-9823\" alt=\"\" srcset=\"https:\/\/www.deepbluegrowth.com\/wp-content\/uploads\/2026\/01\/Mind8-image-3.webp 1080w, https:\/\/www.deepbluegrowth.com\/wp-content\/uploads\/2026\/01\/Mind8-image-3-300x300.webp 300w, https:\/\/www.deepbluegrowth.com\/wp-content\/uploads\/2026\/01\/Mind8-image-3-1024x1024.webp 1024w, https:\/\/www.deepbluegrowth.com\/wp-content\/uploads\/2026\/01\/Mind8-image-3-150x150.webp 150w, https:\/\/www.deepbluegrowth.com\/wp-content\/uploads\/2026\/01\/Mind8-image-3-768x769.webp 768w, https:\/\/www.deepbluegrowth.com\/wp-content\/uploads\/2026\/01\/Mind8-image-3-12x12.webp 12w\" sizes=\"(max-width: 1080px) 100vw, 1080px\" \/>\t\t\t\t\t\t\t\t\t\t\t\t\t\t\t<\/div>\n\t\t\t\t<\/div>\n\t\t\t\t\t<\/div>\n\t\t\t\t<\/div>\n\t\t\t\t<\/div>","protected":false},"excerpt":{"rendered":"<p>Accelerating Growth: How the Consulting Firm MINDEIGHT Succeeded with a New Marketing Strategy 25. September 2025 I Deep Blue Growth Success Story Overview Success Story MINDEIGHT is a successful and award-winning strategic IT management and digitalization consultancy based in Berlin. The firm works with the upper mid-market, the public sector, and international corporations. Using a [&hellip;]<\/p>\n","protected":false},"author":12,"featured_media":0,"parent":0,"menu_order":0,"comment_status":"closed","ping_status":"closed","template":"","meta":{"footnotes":""},"class_list":["post-9778","page","type-page","status-publish","hentry"],"_links":{"self":[{"href":"https:\/\/www.deepbluegrowth.com\/de\/wp-json\/wp\/v2\/pages\/9778","targetHints":{"allow":["GET"]}}],"collection":[{"href":"https:\/\/www.deepbluegrowth.com\/de\/wp-json\/wp\/v2\/pages"}],"about":[{"href":"https:\/\/www.deepbluegrowth.com\/de\/wp-json\/wp\/v2\/types\/page"}],"author":[{"embeddable":true,"href":"https:\/\/www.deepbluegrowth.com\/de\/wp-json\/wp\/v2\/users\/12"}],"replies":[{"embeddable":true,"href":"https:\/\/www.deepbluegrowth.com\/de\/wp-json\/wp\/v2\/comments?post=9778"}],"version-history":[{"count":0,"href":"https:\/\/www.deepbluegrowth.com\/de\/wp-json\/wp\/v2\/pages\/9778\/revisions"}],"wp:attachment":[{"href":"https:\/\/www.deepbluegrowth.com\/de\/wp-json\/wp\/v2\/media?parent=9778"}],"curies":[{"name":"wp","href":"https:\/\/api.w.org\/{rel}","templated":true}]}}